{"id":72,"date":"2021-03-16T13:27:17","date_gmt":"2021-03-16T13:27:17","guid":{"rendered":"https:\/\/mypokestore.ch\/?post_type=product&#038;p=72"},"modified":"2023-05-25T20:29:57","modified_gmt":"2023-05-25T20:29:57","slug":"glaenzendes-schicksal-top-trainer-box-de","status":"publish","type":"product","link":"https:\/\/mypokestore.ch\/index.php\/produkt\/glaenzendes-schicksal-top-trainer-box-de\/","title":{"rendered":"Gl\u00e4nzendes Schicksal &#8211; Top Trainer Box &#8211; DE"},"content":{"rendered":"<p>Schillernde Pok\u00e9mon sind so selten, dass man sie kaum zu Gesicht bekommt. Es geh\u00f6rt eine ordentliche Portion Gl\u00fcck dazu, sie als Trainer zu fangen &#8230; Somit sind Trainer, die eine Top-Trainer-Box der Pok\u00e9mon-Sammelkartenspiel-Erweiterung\u00a0<em>Gl\u00e4nzendes Schicksal<\/em>\u00a0ergattern konnten, absolute Gl\u00fcckspilze, denn die Erweiterung enth\u00e4lt mehr als 100 Schillernde Pok\u00e9mon auf wundersch\u00f6nen gepr\u00e4gten Karten. Au\u00dferdem treten auch mehr als 30 m\u00e4chtige Pok\u00e9mon-V und Pok\u00e9mon-VMAX einschlie\u00dflich eines Schillernden Glurak in seiner Gigadynamax-Form in Erscheinung.<\/p>\n<p>Die Top-Trainer-Box der Pok\u00e9mon-Sammelkartenspiel-Erweiterung\u00a0<em>Gl\u00e4nzendes Schicksal<\/em>\u00a0enth\u00e4lt:<\/p>\n<ul>\n<li>10 Boosterpacks der Pok\u00e9mon-Sammelkartenspiel-Erweiterung\u00a0<em>Gl\u00e4nzendes Schicksal<\/em><\/li>\n<li>1 holografische Promokarte mit Evoli-VMAX<\/li>\n<li>65 Kartenh\u00fcllen mit Gigadynamax-Evoli<\/li>\n<li>45 Energiekarten des Pok\u00e9mon-Sammelkartenspiels<\/li>\n<li>1 Spielanleitung f\u00fcr die Erweiterung\u00a0<em>Gl\u00e4nzendes Schicksal<\/em><\/li>\n<li>1 Regelbuch f\u00fcr das Pok\u00e9mon-Sammelkartenspiel<\/li>\n<li>6 Schadensmarken-W\u00fcrfel<\/li>\n<li>1 bei Wettbewerben zul\u00e4ssiger M\u00fcnzwurf-W\u00fcrfel<\/li>\n<li>2 Kunststoffmarken f\u00fcr Spezielle Zust\u00e4nde<\/li>\n<li>1 Sammelbox zum Aufbewahren s\u00e4mtlicher Artikel mit 4 Trennstegen zum Organisieren<\/li>\n<li>1 Code-Karte f\u00fcr das\u00a0Pok\u00e9mon-Sammelkartenspiel-Online<\/li>\n<\/ul>\n","protected":false},"excerpt":{"rendered":"<p>Schillernde Pok\u00e9mon sind so selten, dass man sie kaum zu Gesicht bekommt. Es geh\u00f6rt eine ordentliche Portion Gl\u00fcck dazu, sie als Trainer zu fangen &#8230; Somit sind Trainer, die eine Top-Trainer-Box der Pok\u00e9mon-Sammelkartenspiel-Erweiterung\u00a0Gl\u00e4nzendes Schicksal\u00a0ergattern konnten, absolute Gl\u00fcckspilze, denn die Erweiterung enth\u00e4lt mehr als 100 Schillernde Pok\u00e9mon auf wundersch\u00f6nen gepr\u00e4gten Karten. Au\u00dferdem treten auch mehr als [&hellip;]<\/p>\n","protected":false},"featured_media":73,"template":"","meta":{"pgc_sgb_lightbox_settings":""},"product_brand":[],"product_cat":[27],"product_tag":[30],"class_list":{"0":"post-72","1":"product","2":"type-product","3":"status-publish","4":"has-post-thumbnail","6":"product_cat-trainerboxen","7":"product_tag-pokemon","9":"first","10":"outofstock","11":"shipping-taxable","12":"purchasable","13":"product-type-simple"},"yoast_head":"<!-- This site is optimized with the Yoast SEO plugin v27.6 - https:\/\/yoast.com\/product\/yoast-seo-wordpress\/ -->\n<title>Gl\u00e4nzendes Schicksal - Top Trainer Box - DE - my Poke Store<\/title>\n<meta name=\"description\" content=\"my Poke Store - Gl\u00e4nzendes Schicksal - Top Trainer Box - DE\" \/>\n<meta name=\"robots\" content=\"index, follow, max-snippet:-1, max-image-preview:large, max-video-preview:-1\" \/>\n<link rel=\"canonical\" href=\"https:\/\/mypokestore.ch\/index.php\/produkt\/glaenzendes-schicksal-top-trainer-box-de\/\" \/>\n<meta property=\"og:locale\" content=\"de_DE\" \/>\n<meta property=\"og:type\" content=\"article\" \/>\n<meta property=\"og:title\" content=\"Gl\u00e4nzendes Schicksal - Top Trainer Box - DE - my Poke Store\" \/>\n<meta property=\"og:description\" content=\"my Poke Store - Gl\u00e4nzendes Schicksal - Top Trainer Box - DE\" \/>\n<meta property=\"og:url\" content=\"https:\/\/mypokestore.ch\/index.php\/produkt\/glaenzendes-schicksal-top-trainer-box-de\/\" \/>\n<meta property=\"og:site_name\" content=\"my Poke Store\" \/>\n<meta property=\"article:modified_time\" content=\"2023-05-25T20:29:57+00:00\" \/>\n<meta property=\"og:image\" content=\"https:\/\/mypokestore.ch\/wp-content\/uploads\/2021\/03\/195611.jpg\" \/>\n\t<meta property=\"og:image:width\" content=\"600\" \/>\n\t<meta property=\"og:image:height\" content=\"600\" \/>\n\t<meta property=\"og:image:type\" content=\"image\/jpeg\" \/>\n<meta name=\"twitter:card\" content=\"summary_large_image\" \/>\n<meta name=\"twitter:label1\" content=\"Gesch\u00e4tzte Lesezeit\" \/>\n\t<meta name=\"twitter:data1\" content=\"1\u00a0Minute\" \/>\n<script type=\"application\/ld+json\" class=\"yoast-schema-graph\">{\"@context\":\"https:\\\/\\\/schema.org\",\"@graph\":[{\"@type\":\"WebPage\",\"@id\":\"https:\\\/\\\/mypokestore.ch\\\/index.php\\\/produkt\\\/glaenzendes-schicksal-top-trainer-box-de\\\/\",\"url\":\"https:\\\/\\\/mypokestore.ch\\\/index.php\\\/produkt\\\/glaenzendes-schicksal-top-trainer-box-de\\\/\",\"name\":\"Gl\u00e4nzendes Schicksal - Top Trainer Box - DE - my Poke Store\",\"isPartOf\":{\"@id\":\"https:\\\/\\\/mypokestore.ch\\\/#website\"},\"primaryImageOfPage\":{\"@id\":\"https:\\\/\\\/mypokestore.ch\\\/index.php\\\/produkt\\\/glaenzendes-schicksal-top-trainer-box-de\\\/#primaryimage\"},\"image\":{\"@id\":\"https:\\\/\\\/mypokestore.ch\\\/index.php\\\/produkt\\\/glaenzendes-schicksal-top-trainer-box-de\\\/#primaryimage\"},\"thumbnailUrl\":\"https:\\\/\\\/i0.wp.com\\\/mypokestore.ch\\\/wp-content\\\/uploads\\\/2021\\\/03\\\/195611.jpg?fit=600%2C600&ssl=1\",\"datePublished\":\"2021-03-16T13:27:17+00:00\",\"dateModified\":\"2023-05-25T20:29:57+00:00\",\"description\":\"my Poke Store - Gl\u00e4nzendes Schicksal - Top Trainer Box - DE\",\"breadcrumb\":{\"@id\":\"https:\\\/\\\/mypokestore.ch\\\/index.php\\\/produkt\\\/glaenzendes-schicksal-top-trainer-box-de\\\/#breadcrumb\"},\"inLanguage\":\"de\",\"potentialAction\":[{\"@type\":\"ReadAction\",\"target\":[\"https:\\\/\\\/mypokestore.ch\\\/index.php\\\/produkt\\\/glaenzendes-schicksal-top-trainer-box-de\\\/\"]}]},{\"@type\":\"ImageObject\",\"inLanguage\":\"de\",\"@id\":\"https:\\\/\\\/mypokestore.ch\\\/index.php\\\/produkt\\\/glaenzendes-schicksal-top-trainer-box-de\\\/#primaryimage\",\"url\":\"https:\\\/\\\/i0.wp.com\\\/mypokestore.ch\\\/wp-content\\\/uploads\\\/2021\\\/03\\\/195611.jpg?fit=600%2C600&ssl=1\",\"contentUrl\":\"https:\\\/\\\/i0.wp.com\\\/mypokestore.ch\\\/wp-content\\\/uploads\\\/2021\\\/03\\\/195611.jpg?fit=600%2C600&ssl=1\",\"width\":600,\"height\":600,\"caption\":\"Gl\u00e4nzendes Schicksal TTB\"},{\"@type\":\"BreadcrumbList\",\"@id\":\"https:\\\/\\\/mypokestore.ch\\\/index.php\\\/produkt\\\/glaenzendes-schicksal-top-trainer-box-de\\\/#breadcrumb\",\"itemListElement\":[{\"@type\":\"ListItem\",\"position\":1,\"name\":\"Startseite\",\"item\":\"https:\\\/\\\/mypokestore.ch\\\/\"},{\"@type\":\"ListItem\",\"position\":2,\"name\":\"Privater Pok\u00e9mon Shop\",\"item\":\"https:\\\/\\\/mypokestore.ch\\\/\"},{\"@type\":\"ListItem\",\"position\":3,\"name\":\"Gl\u00e4nzendes Schicksal &#8211; Top Trainer Box &#8211; DE\"}]},{\"@type\":\"WebSite\",\"@id\":\"https:\\\/\\\/mypokestore.ch\\\/#website\",\"url\":\"https:\\\/\\\/mypokestore.ch\\\/\",\"name\":\"my Poke Store\",\"description\":\"Privater Pok\u00e9mon TCG Shop\",\"publisher\":{\"@id\":\"https:\\\/\\\/mypokestore.ch\\\/#organization\"},\"potentialAction\":[{\"@type\":\"SearchAction\",\"target\":{\"@type\":\"EntryPoint\",\"urlTemplate\":\"https:\\\/\\\/mypokestore.ch\\\/?s={search_term_string}\"},\"query-input\":{\"@type\":\"PropertyValueSpecification\",\"valueRequired\":true,\"valueName\":\"search_term_string\"}}],\"inLanguage\":\"de\"},{\"@type\":\"Organization\",\"@id\":\"https:\\\/\\\/mypokestore.ch\\\/#organization\",\"name\":\"My Poke Store\",\"url\":\"https:\\\/\\\/mypokestore.ch\\\/\",\"logo\":{\"@type\":\"ImageObject\",\"inLanguage\":\"de\",\"@id\":\"https:\\\/\\\/mypokestore.ch\\\/#\\\/schema\\\/logo\\\/image\\\/\",\"url\":\"https:\\\/\\\/i0.wp.com\\\/mypokestore.ch\\\/wp-content\\\/uploads\\\/2021\\\/03\\\/cropped-pika-e1615890979707-1.png?fit=512%2C512&ssl=1\",\"contentUrl\":\"https:\\\/\\\/i0.wp.com\\\/mypokestore.ch\\\/wp-content\\\/uploads\\\/2021\\\/03\\\/cropped-pika-e1615890979707-1.png?fit=512%2C512&ssl=1\",\"width\":512,\"height\":512,\"caption\":\"My Poke Store\"},\"image\":{\"@id\":\"https:\\\/\\\/mypokestore.ch\\\/#\\\/schema\\\/logo\\\/image\\\/\"}}]}<\/script>\n<!-- \/ Yoast SEO plugin. -->","yoast_head_json":{"title":"Gl\u00e4nzendes Schicksal - Top Trainer Box - DE - my Poke Store","description":"my Poke Store - Gl\u00e4nzendes Schicksal - Top Trainer Box - DE","robots":{"index":"index","follow":"follow","max-snippet":"max-snippet:-1","max-image-preview":"max-image-preview:large","max-video-preview":"max-video-preview:-1"},"canonical":"https:\/\/mypokestore.ch\/index.php\/produkt\/glaenzendes-schicksal-top-trainer-box-de\/","og_locale":"de_DE","og_type":"article","og_title":"Gl\u00e4nzendes Schicksal - Top Trainer Box - DE - my Poke Store","og_description":"my Poke Store - Gl\u00e4nzendes Schicksal - Top Trainer Box - DE","og_url":"https:\/\/mypokestore.ch\/index.php\/produkt\/glaenzendes-schicksal-top-trainer-box-de\/","og_site_name":"my Poke Store","article_modified_time":"2023-05-25T20:29:57+00:00","og_image":[{"width":600,"height":600,"url":"https:\/\/mypokestore.ch\/wp-content\/uploads\/2021\/03\/195611.jpg","type":"image\/jpeg"}],"twitter_card":"summary_large_image","twitter_misc":{"Gesch\u00e4tzte Lesezeit":"1\u00a0Minute"},"schema":{"@context":"https:\/\/schema.org","@graph":[{"@type":"WebPage","@id":"https:\/\/mypokestore.ch\/index.php\/produkt\/glaenzendes-schicksal-top-trainer-box-de\/","url":"https:\/\/mypokestore.ch\/index.php\/produkt\/glaenzendes-schicksal-top-trainer-box-de\/","name":"Gl\u00e4nzendes Schicksal - Top Trainer Box - DE - my Poke Store","isPartOf":{"@id":"https:\/\/mypokestore.ch\/#website"},"primaryImageOfPage":{"@id":"https:\/\/mypokestore.ch\/index.php\/produkt\/glaenzendes-schicksal-top-trainer-box-de\/#primaryimage"},"image":{"@id":"https:\/\/mypokestore.ch\/index.php\/produkt\/glaenzendes-schicksal-top-trainer-box-de\/#primaryimage"},"thumbnailUrl":"https:\/\/i0.wp.com\/mypokestore.ch\/wp-content\/uploads\/2021\/03\/195611.jpg?fit=600%2C600&ssl=1","datePublished":"2021-03-16T13:27:17+00:00","dateModified":"2023-05-25T20:29:57+00:00","description":"my Poke Store - Gl\u00e4nzendes Schicksal - Top Trainer Box - DE","breadcrumb":{"@id":"https:\/\/mypokestore.ch\/index.php\/produkt\/glaenzendes-schicksal-top-trainer-box-de\/#breadcrumb"},"inLanguage":"de","potentialAction":[{"@type":"ReadAction","target":["https:\/\/mypokestore.ch\/index.php\/produkt\/glaenzendes-schicksal-top-trainer-box-de\/"]}]},{"@type":"ImageObject","inLanguage":"de","@id":"https:\/\/mypokestore.ch\/index.php\/produkt\/glaenzendes-schicksal-top-trainer-box-de\/#primaryimage","url":"https:\/\/i0.wp.com\/mypokestore.ch\/wp-content\/uploads\/2021\/03\/195611.jpg?fit=600%2C600&ssl=1","contentUrl":"https:\/\/i0.wp.com\/mypokestore.ch\/wp-content\/uploads\/2021\/03\/195611.jpg?fit=600%2C600&ssl=1","width":600,"height":600,"caption":"Gl\u00e4nzendes Schicksal TTB"},{"@type":"BreadcrumbList","@id":"https:\/\/mypokestore.ch\/index.php\/produkt\/glaenzendes-schicksal-top-trainer-box-de\/#breadcrumb","itemListElement":[{"@type":"ListItem","position":1,"name":"Startseite","item":"https:\/\/mypokestore.ch\/"},{"@type":"ListItem","position":2,"name":"Privater Pok\u00e9mon Shop","item":"https:\/\/mypokestore.ch\/"},{"@type":"ListItem","position":3,"name":"Gl\u00e4nzendes Schicksal &#8211; Top Trainer Box &#8211; DE"}]},{"@type":"WebSite","@id":"https:\/\/mypokestore.ch\/#website","url":"https:\/\/mypokestore.ch\/","name":"my Poke Store","description":"Privater Pok\u00e9mon TCG Shop","publisher":{"@id":"https:\/\/mypokestore.ch\/#organization"},"potentialAction":[{"@type":"SearchAction","target":{"@type":"EntryPoint","urlTemplate":"https:\/\/mypokestore.ch\/?s={search_term_string}"},"query-input":{"@type":"PropertyValueSpecification","valueRequired":true,"valueName":"search_term_string"}}],"inLanguage":"de"},{"@type":"Organization","@id":"https:\/\/mypokestore.ch\/#organization","name":"My Poke Store","url":"https:\/\/mypokestore.ch\/","logo":{"@type":"ImageObject","inLanguage":"de","@id":"https:\/\/mypokestore.ch\/#\/schema\/logo\/image\/","url":"https:\/\/i0.wp.com\/mypokestore.ch\/wp-content\/uploads\/2021\/03\/cropped-pika-e1615890979707-1.png?fit=512%2C512&ssl=1","contentUrl":"https:\/\/i0.wp.com\/mypokestore.ch\/wp-content\/uploads\/2021\/03\/cropped-pika-e1615890979707-1.png?fit=512%2C512&ssl=1","width":512,"height":512,"caption":"My Poke Store"},"image":{"@id":"https:\/\/mypokestore.ch\/#\/schema\/logo\/image\/"}}]}},"jetpack_sharing_enabled":true,"_links":{"self":[{"href":"https:\/\/mypokestore.ch\/index.php\/wp-json\/wp\/v2\/product\/72","targetHints":{"allow":["GET"]}}],"collection":[{"href":"https:\/\/mypokestore.ch\/index.php\/wp-json\/wp\/v2\/product"}],"about":[{"href":"https:\/\/mypokestore.ch\/index.php\/wp-json\/wp\/v2\/types\/product"}],"wp:featuredmedia":[{"embeddable":true,"href":"https:\/\/mypokestore.ch\/index.php\/wp-json\/wp\/v2\/media\/73"}],"wp:attachment":[{"href":"https:\/\/mypokestore.ch\/index.php\/wp-json\/wp\/v2\/media?parent=72"}],"wp:term":[{"taxonomy":"product_brand","embeddable":true,"href":"https:\/\/mypokestore.ch\/index.php\/wp-json\/wp\/v2\/product_brand?post=72"},{"taxonomy":"product_cat","embeddable":true,"href":"https:\/\/mypokestore.ch\/index.php\/wp-json\/wp\/v2\/product_cat?post=72"},{"taxonomy":"product_tag","embeddable":true,"href":"https:\/\/mypokestore.ch\/index.php\/wp-json\/wp\/v2\/product_tag?post=72"}],"curies":[{"name":"wp","href":"https:\/\/api.w.org\/{rel}","templated":true}]}}