{"id":274,"date":"2021-04-09T07:46:43","date_gmt":"2021-04-09T07:46:43","guid":{"rendered":"https:\/\/mypokestore.ch\/index.php\/produkt\/farbenschock-display-36-booster-box-deutsch\/"},"modified":"2021-05-26T08:41:38","modified_gmt":"2021-05-26T08:41:38","slug":"farbenschock-display-36-booster-box-deutsch","status":"publish","type":"product","link":"https:\/\/mypokestore.ch\/index.php\/produkt\/farbenschock-display-36-booster-box-deutsch\/","title":{"rendered":"Farbenschock Display, 36 Booster Box, Deutsch"},"content":{"rendered":"<p style=\"font-family:\"><strong style=\"font-weight: bold\">Entdecke die neue Leuchtkraft und volle Power der Pok\u00e9mon-Sammelkartenspiel-Erweiterung Schwert &amp; Schild &#8211; Farbenschock mit noch mehr Pok\u00e9mon-V, darunter das neu entdeckte Mysteri\u00f6se Pok\u00e9mon Zarude!<\/strong><\/p>\n<p>Einzigartige neue Atemberaubende Pok\u00e9mon feiern ihr regenbogenfarbiges Deb\u00fct, begleitet von mehr Pok\u00e9mon-VMAX &#8230; mit dabei ist das wunderbar kugelige Gigadynamax-Pikachu in aller Pracht und Herrlichkeit! Bringe mit der Erweiterung Schwert &amp; Schild &#8211; Farbenschock etwas Farbe und viel Schwung in dein Deck oder deine Sammlung!<\/p>\n<p><strong style=\"font-weight: bold\">Die Pok\u00e9mon-Sammelkartenspiel-Erweiterung Schwert &amp; Schild: Farbenschock enth\u00e4lt:<\/strong><\/p>\n<p style=\"font-family:\">\u2022 \u00dcber 185 Karten<br \/>\n\u2022 Dutzende von k\u00fcrzlich entdeckten Pok\u00e9mon aus der Galar-Region<br \/>\n\u2022 11 m\u00e4chtige Pok\u00e9mon-V und 6 enorme Pok\u00e9mon-VMAX<br \/>\n\u2022 Mehr als 15 Trainerkarten und 4 neue Spezial-Energiekarten<\/p>\n<p style=\"font-family:\"><strong style=\"font-weight: bold\">Inhalt:<\/strong><\/p>\n<p style=\"font-family:\">\u2022 Ein Booster Display enth\u00e4lt 36 Booster<br \/>\n\u2022 Ein Booster enth\u00e4lt 10 Karten<\/p>\n","protected":false},"excerpt":{"rendered":"<p>Entdecke die neue Leuchtkraft und volle Power der Pok\u00e9mon-Sammelkartenspiel-Erweiterung Schwert &amp; Schild &#8211; Farbenschock mit noch mehr Pok\u00e9mon-V, darunter das neu entdeckte Mysteri\u00f6se Pok\u00e9mon Zarude! Einzigartige neue Atemberaubende Pok\u00e9mon feiern ihr regenbogenfarbiges Deb\u00fct, begleitet von mehr Pok\u00e9mon-VMAX &#8230; mit dabei ist das wunderbar kugelige Gigadynamax-Pikachu in aller Pracht und Herrlichkeit! Bringe mit der Erweiterung Schwert [&hellip;]<\/p>\n","protected":false},"featured_media":273,"template":"","meta":{"pgc_sgb_lightbox_settings":""},"product_brand":[],"product_cat":[26],"product_tag":[30],"class_list":{"0":"post-274","1":"product","2":"type-product","3":"status-publish","4":"has-post-thumbnail","6":"product_cat-displays","7":"product_tag-pokemon","9":"first","10":"outofstock","11":"featured","12":"purchasable","13":"product-type-simple"},"yoast_head":"<!-- This site is optimized with the Yoast SEO plugin v27.6 - https:\/\/yoast.com\/product\/yoast-seo-wordpress\/ -->\n<title>Farbenschock Display, 36 Booster Box, Deutsch - my Poke Store<\/title>\n<meta name=\"robots\" content=\"index, follow, max-snippet:-1, max-image-preview:large, max-video-preview:-1\" \/>\n<link rel=\"canonical\" href=\"https:\/\/mypokestore.ch\/index.php\/produkt\/farbenschock-display-36-booster-box-deutsch\/\" \/>\n<meta property=\"og:locale\" content=\"de_DE\" \/>\n<meta property=\"og:type\" content=\"article\" \/>\n<meta property=\"og:title\" content=\"Farbenschock Display, 36 Booster Box, Deutsch - my Poke Store\" \/>\n<meta property=\"og:description\" content=\"Entdecke die neue Leuchtkraft und volle Power der Pok\u00e9mon-Sammelkartenspiel-Erweiterung Schwert &amp; Schild &#8211; Farbenschock mit noch mehr Pok\u00e9mon-V, darunter das neu entdeckte Mysteri\u00f6se Pok\u00e9mon Zarude! Einzigartige neue Atemberaubende Pok\u00e9mon feiern ihr regenbogenfarbiges Deb\u00fct, begleitet von mehr Pok\u00e9mon-VMAX &#8230; mit dabei ist das wunderbar kugelige Gigadynamax-Pikachu in aller Pracht und Herrlichkeit! Bringe mit der Erweiterung Schwert [&hellip;]\" \/>\n<meta property=\"og:url\" content=\"https:\/\/mypokestore.ch\/index.php\/produkt\/farbenschock-display-36-booster-box-deutsch\/\" \/>\n<meta property=\"og:site_name\" content=\"my Poke Store\" \/>\n<meta property=\"article:modified_time\" content=\"2021-05-26T08:41:38+00:00\" \/>\n<meta property=\"og:image\" content=\"https:\/\/i1.wp.com\/mypokestore.ch\/wp-content\/uploads\/2021\/04\/0820650452239xxl.jpg?fit=768%2C1000&ssl=1\" \/>\n\t<meta property=\"og:image:width\" content=\"768\" \/>\n\t<meta property=\"og:image:height\" content=\"1000\" \/>\n\t<meta property=\"og:image:type\" content=\"image\/jpeg\" \/>\n<meta name=\"twitter:card\" content=\"summary_large_image\" \/>\n<meta name=\"twitter:label1\" content=\"Gesch\u00e4tzte Lesezeit\" \/>\n\t<meta name=\"twitter:data1\" content=\"1\u00a0Minute\" \/>\n<script type=\"application\/ld+json\" class=\"yoast-schema-graph\">{\"@context\":\"https:\\\/\\\/schema.org\",\"@graph\":[{\"@type\":\"WebPage\",\"@id\":\"https:\\\/\\\/mypokestore.ch\\\/index.php\\\/produkt\\\/farbenschock-display-36-booster-box-deutsch\\\/\",\"url\":\"https:\\\/\\\/mypokestore.ch\\\/index.php\\\/produkt\\\/farbenschock-display-36-booster-box-deutsch\\\/\",\"name\":\"Farbenschock Display, 36 Booster Box, Deutsch - my Poke Store\",\"isPartOf\":{\"@id\":\"https:\\\/\\\/mypokestore.ch\\\/#website\"},\"primaryImageOfPage\":{\"@id\":\"https:\\\/\\\/mypokestore.ch\\\/index.php\\\/produkt\\\/farbenschock-display-36-booster-box-deutsch\\\/#primaryimage\"},\"image\":{\"@id\":\"https:\\\/\\\/mypokestore.ch\\\/index.php\\\/produkt\\\/farbenschock-display-36-booster-box-deutsch\\\/#primaryimage\"},\"thumbnailUrl\":\"https:\\\/\\\/i0.wp.com\\\/mypokestore.ch\\\/wp-content\\\/uploads\\\/2021\\\/04\\\/0820650452239xxl.jpg?fit=768%2C1000&ssl=1\",\"datePublished\":\"2021-04-09T07:46:43+00:00\",\"dateModified\":\"2021-05-26T08:41:38+00:00\",\"breadcrumb\":{\"@id\":\"https:\\\/\\\/mypokestore.ch\\\/index.php\\\/produkt\\\/farbenschock-display-36-booster-box-deutsch\\\/#breadcrumb\"},\"inLanguage\":\"de\",\"potentialAction\":[{\"@type\":\"ReadAction\",\"target\":[\"https:\\\/\\\/mypokestore.ch\\\/index.php\\\/produkt\\\/farbenschock-display-36-booster-box-deutsch\\\/\"]}]},{\"@type\":\"ImageObject\",\"inLanguage\":\"de\",\"@id\":\"https:\\\/\\\/mypokestore.ch\\\/index.php\\\/produkt\\\/farbenschock-display-36-booster-box-deutsch\\\/#primaryimage\",\"url\":\"https:\\\/\\\/i0.wp.com\\\/mypokestore.ch\\\/wp-content\\\/uploads\\\/2021\\\/04\\\/0820650452239xxl.jpg?fit=768%2C1000&ssl=1\",\"contentUrl\":\"https:\\\/\\\/i0.wp.com\\\/mypokestore.ch\\\/wp-content\\\/uploads\\\/2021\\\/04\\\/0820650452239xxl.jpg?fit=768%2C1000&ssl=1\",\"width\":768,\"height\":1000},{\"@type\":\"BreadcrumbList\",\"@id\":\"https:\\\/\\\/mypokestore.ch\\\/index.php\\\/produkt\\\/farbenschock-display-36-booster-box-deutsch\\\/#breadcrumb\",\"itemListElement\":[{\"@type\":\"ListItem\",\"position\":1,\"name\":\"Startseite\",\"item\":\"https:\\\/\\\/mypokestore.ch\\\/\"},{\"@type\":\"ListItem\",\"position\":2,\"name\":\"Privater Pok\u00e9mon Shop\",\"item\":\"https:\\\/\\\/mypokestore.ch\\\/\"},{\"@type\":\"ListItem\",\"position\":3,\"name\":\"Farbenschock Display, 36 Booster Box, Deutsch\"}]},{\"@type\":\"WebSite\",\"@id\":\"https:\\\/\\\/mypokestore.ch\\\/#website\",\"url\":\"https:\\\/\\\/mypokestore.ch\\\/\",\"name\":\"my Poke Store\",\"description\":\"Privater Pok\u00e9mon TCG Shop\",\"publisher\":{\"@id\":\"https:\\\/\\\/mypokestore.ch\\\/#organization\"},\"potentialAction\":[{\"@type\":\"SearchAction\",\"target\":{\"@type\":\"EntryPoint\",\"urlTemplate\":\"https:\\\/\\\/mypokestore.ch\\\/?s={search_term_string}\"},\"query-input\":{\"@type\":\"PropertyValueSpecification\",\"valueRequired\":true,\"valueName\":\"search_term_string\"}}],\"inLanguage\":\"de\"},{\"@type\":\"Organization\",\"@id\":\"https:\\\/\\\/mypokestore.ch\\\/#organization\",\"name\":\"My Poke Store\",\"url\":\"https:\\\/\\\/mypokestore.ch\\\/\",\"logo\":{\"@type\":\"ImageObject\",\"inLanguage\":\"de\",\"@id\":\"https:\\\/\\\/mypokestore.ch\\\/#\\\/schema\\\/logo\\\/image\\\/\",\"url\":\"https:\\\/\\\/i0.wp.com\\\/mypokestore.ch\\\/wp-content\\\/uploads\\\/2021\\\/03\\\/cropped-pika-e1615890979707-1.png?fit=512%2C512&ssl=1\",\"contentUrl\":\"https:\\\/\\\/i0.wp.com\\\/mypokestore.ch\\\/wp-content\\\/uploads\\\/2021\\\/03\\\/cropped-pika-e1615890979707-1.png?fit=512%2C512&ssl=1\",\"width\":512,\"height\":512,\"caption\":\"My Poke Store\"},\"image\":{\"@id\":\"https:\\\/\\\/mypokestore.ch\\\/#\\\/schema\\\/logo\\\/image\\\/\"}}]}<\/script>\n<!-- \/ Yoast SEO plugin. -->","yoast_head_json":{"title":"Farbenschock Display, 36 Booster Box, Deutsch - my Poke Store","robots":{"index":"index","follow":"follow","max-snippet":"max-snippet:-1","max-image-preview":"max-image-preview:large","max-video-preview":"max-video-preview:-1"},"canonical":"https:\/\/mypokestore.ch\/index.php\/produkt\/farbenschock-display-36-booster-box-deutsch\/","og_locale":"de_DE","og_type":"article","og_title":"Farbenschock Display, 36 Booster Box, Deutsch - my Poke Store","og_description":"Entdecke die neue Leuchtkraft und volle Power der Pok\u00e9mon-Sammelkartenspiel-Erweiterung Schwert &amp; Schild &#8211; Farbenschock mit noch mehr Pok\u00e9mon-V, darunter das neu entdeckte Mysteri\u00f6se Pok\u00e9mon Zarude! Einzigartige neue Atemberaubende Pok\u00e9mon feiern ihr regenbogenfarbiges Deb\u00fct, begleitet von mehr Pok\u00e9mon-VMAX &#8230; mit dabei ist das wunderbar kugelige Gigadynamax-Pikachu in aller Pracht und Herrlichkeit! Bringe mit der Erweiterung Schwert [&hellip;]","og_url":"https:\/\/mypokestore.ch\/index.php\/produkt\/farbenschock-display-36-booster-box-deutsch\/","og_site_name":"my Poke Store","article_modified_time":"2021-05-26T08:41:38+00:00","og_image":[{"width":768,"height":1000,"url":"https:\/\/i1.wp.com\/mypokestore.ch\/wp-content\/uploads\/2021\/04\/0820650452239xxl.jpg?fit=768%2C1000&ssl=1","type":"image\/jpeg"}],"twitter_card":"summary_large_image","twitter_misc":{"Gesch\u00e4tzte Lesezeit":"1\u00a0Minute"},"schema":{"@context":"https:\/\/schema.org","@graph":[{"@type":"WebPage","@id":"https:\/\/mypokestore.ch\/index.php\/produkt\/farbenschock-display-36-booster-box-deutsch\/","url":"https:\/\/mypokestore.ch\/index.php\/produkt\/farbenschock-display-36-booster-box-deutsch\/","name":"Farbenschock Display, 36 Booster Box, Deutsch - my Poke Store","isPartOf":{"@id":"https:\/\/mypokestore.ch\/#website"},"primaryImageOfPage":{"@id":"https:\/\/mypokestore.ch\/index.php\/produkt\/farbenschock-display-36-booster-box-deutsch\/#primaryimage"},"image":{"@id":"https:\/\/mypokestore.ch\/index.php\/produkt\/farbenschock-display-36-booster-box-deutsch\/#primaryimage"},"thumbnailUrl":"https:\/\/i0.wp.com\/mypokestore.ch\/wp-content\/uploads\/2021\/04\/0820650452239xxl.jpg?fit=768%2C1000&ssl=1","datePublished":"2021-04-09T07:46:43+00:00","dateModified":"2021-05-26T08:41:38+00:00","breadcrumb":{"@id":"https:\/\/mypokestore.ch\/index.php\/produkt\/farbenschock-display-36-booster-box-deutsch\/#breadcrumb"},"inLanguage":"de","potentialAction":[{"@type":"ReadAction","target":["https:\/\/mypokestore.ch\/index.php\/produkt\/farbenschock-display-36-booster-box-deutsch\/"]}]},{"@type":"ImageObject","inLanguage":"de","@id":"https:\/\/mypokestore.ch\/index.php\/produkt\/farbenschock-display-36-booster-box-deutsch\/#primaryimage","url":"https:\/\/i0.wp.com\/mypokestore.ch\/wp-content\/uploads\/2021\/04\/0820650452239xxl.jpg?fit=768%2C1000&ssl=1","contentUrl":"https:\/\/i0.wp.com\/mypokestore.ch\/wp-content\/uploads\/2021\/04\/0820650452239xxl.jpg?fit=768%2C1000&ssl=1","width":768,"height":1000},{"@type":"BreadcrumbList","@id":"https:\/\/mypokestore.ch\/index.php\/produkt\/farbenschock-display-36-booster-box-deutsch\/#breadcrumb","itemListElement":[{"@type":"ListItem","position":1,"name":"Startseite","item":"https:\/\/mypokestore.ch\/"},{"@type":"ListItem","position":2,"name":"Privater Pok\u00e9mon Shop","item":"https:\/\/mypokestore.ch\/"},{"@type":"ListItem","position":3,"name":"Farbenschock Display, 36 Booster Box, Deutsch"}]},{"@type":"WebSite","@id":"https:\/\/mypokestore.ch\/#website","url":"https:\/\/mypokestore.ch\/","name":"my Poke Store","description":"Privater Pok\u00e9mon TCG Shop","publisher":{"@id":"https:\/\/mypokestore.ch\/#organization"},"potentialAction":[{"@type":"SearchAction","target":{"@type":"EntryPoint","urlTemplate":"https:\/\/mypokestore.ch\/?s={search_term_string}"},"query-input":{"@type":"PropertyValueSpecification","valueRequired":true,"valueName":"search_term_string"}}],"inLanguage":"de"},{"@type":"Organization","@id":"https:\/\/mypokestore.ch\/#organization","name":"My Poke Store","url":"https:\/\/mypokestore.ch\/","logo":{"@type":"ImageObject","inLanguage":"de","@id":"https:\/\/mypokestore.ch\/#\/schema\/logo\/image\/","url":"https:\/\/i0.wp.com\/mypokestore.ch\/wp-content\/uploads\/2021\/03\/cropped-pika-e1615890979707-1.png?fit=512%2C512&ssl=1","contentUrl":"https:\/\/i0.wp.com\/mypokestore.ch\/wp-content\/uploads\/2021\/03\/cropped-pika-e1615890979707-1.png?fit=512%2C512&ssl=1","width":512,"height":512,"caption":"My Poke Store"},"image":{"@id":"https:\/\/mypokestore.ch\/#\/schema\/logo\/image\/"}}]}},"jetpack_sharing_enabled":true,"_links":{"self":[{"href":"https:\/\/mypokestore.ch\/index.php\/wp-json\/wp\/v2\/product\/274","targetHints":{"allow":["GET"]}}],"collection":[{"href":"https:\/\/mypokestore.ch\/index.php\/wp-json\/wp\/v2\/product"}],"about":[{"href":"https:\/\/mypokestore.ch\/index.php\/wp-json\/wp\/v2\/types\/product"}],"wp:featuredmedia":[{"embeddable":true,"href":"https:\/\/mypokestore.ch\/index.php\/wp-json\/wp\/v2\/media\/273"}],"wp:attachment":[{"href":"https:\/\/mypokestore.ch\/index.php\/wp-json\/wp\/v2\/media?parent=274"}],"wp:term":[{"taxonomy":"product_brand","embeddable":true,"href":"https:\/\/mypokestore.ch\/index.php\/wp-json\/wp\/v2\/product_brand?post=274"},{"taxonomy":"product_cat","embeddable":true,"href":"https:\/\/mypokestore.ch\/index.php\/wp-json\/wp\/v2\/product_cat?post=274"},{"taxonomy":"product_tag","embeddable":true,"href":"https:\/\/mypokestore.ch\/index.php\/wp-json\/wp\/v2\/product_tag?post=274"}],"curies":[{"name":"wp","href":"https:\/\/api.w.org\/{rel}","templated":true}]}}