{"id":245,"date":"2021-04-01T12:00:51","date_gmt":"2021-04-01T12:00:51","guid":{"rendered":"https:\/\/mypokestore.ch\/?post_type=product&#038;p=245"},"modified":"2021-12-08T13:03:48","modified_gmt":"2021-12-08T13:03:48","slug":"sonnemond-nacht-in-flammen-display-36-booster-box","status":"publish","type":"product","link":"https:\/\/mypokestore.ch\/index.php\/produkt\/sonnemond-nacht-in-flammen-display-36-booster-box\/","title":{"rendered":"Sonne&#038;Mond Nacht in Flammen Display, 36 Booster Box"},"content":{"rendered":"<p>Das Set Sonne &amp; Mond Nacht in Flammen enth\u00e4lt viele Pok\u00e9mon aus der Alola-Region. Unter anderem eine Rainbow Variante von Glurak GX!<\/p>\n<p>Das enth\u00e4lt 36 Booster mit jeweils 10 Karten.<\/p>\n","protected":false},"excerpt":{"rendered":"<p>Das Set Sonne &amp; Mond Nacht in Flammen enth\u00e4lt viele Pok\u00e9mon aus der Alola-Region. Unter anderem eine Rainbow Variante von Glurak GX! Das enth\u00e4lt 36 Booster mit jeweils 10 Karten.<\/p>\n","protected":false},"featured_media":246,"template":"","meta":{"pgc_sgb_lightbox_settings":""},"product_brand":[],"product_cat":[26],"product_tag":[30],"class_list":{"0":"post-245","1":"product","2":"type-product","3":"status-publish","4":"has-post-thumbnail","6":"product_cat-displays","7":"product_tag-pokemon","9":"first","10":"outofstock","11":"featured","12":"shipping-taxable","13":"purchasable","14":"product-type-simple"},"yoast_head":"<!-- This site is optimized with the Yoast SEO plugin v27.6 - https:\/\/yoast.com\/product\/yoast-seo-wordpress\/ -->\n<title>Sonne&amp;Mond Nacht in Flammen Display, 36 Booster Box - my Poke Store<\/title>\n<meta name=\"robots\" content=\"index, follow, max-snippet:-1, max-image-preview:large, max-video-preview:-1\" \/>\n<link rel=\"canonical\" href=\"https:\/\/mypokestore.ch\/index.php\/produkt\/sonnemond-nacht-in-flammen-display-36-booster-box\/\" \/>\n<meta property=\"og:locale\" content=\"de_DE\" \/>\n<meta property=\"og:type\" content=\"article\" \/>\n<meta property=\"og:title\" content=\"Sonne&amp;Mond Nacht in Flammen Display, 36 Booster Box - my Poke Store\" \/>\n<meta property=\"og:description\" content=\"Das Set Sonne &amp; Mond Nacht in Flammen enth\u00e4lt viele Pok\u00e9mon aus der Alola-Region. Unter anderem eine Rainbow Variante von Glurak GX! Das enth\u00e4lt 36 Booster mit jeweils 10 Karten.\" \/>\n<meta property=\"og:url\" content=\"https:\/\/mypokestore.ch\/index.php\/produkt\/sonnemond-nacht-in-flammen-display-36-booster-box\/\" \/>\n<meta property=\"og:site_name\" content=\"my Poke Store\" \/>\n<meta property=\"article:modified_time\" content=\"2021-12-08T13:03:48+00:00\" \/>\n<meta property=\"og:image\" content=\"https:\/\/mypokestore.ch\/wp-content\/uploads\/2021\/04\/pokemon-sonne-und-mond-nacht-in-flammen-display-36-booster.jpg\" \/>\n\t<meta property=\"og:image:width\" content=\"600\" \/>\n\t<meta property=\"og:image:height\" content=\"656\" \/>\n\t<meta property=\"og:image:type\" content=\"image\/jpeg\" \/>\n<meta name=\"twitter:card\" content=\"summary_large_image\" \/>\n<meta name=\"twitter:label1\" content=\"Gesch\u00e4tzte Lesezeit\" \/>\n\t<meta name=\"twitter:data1\" content=\"1\u00a0Minute\" \/>\n<script type=\"application\/ld+json\" class=\"yoast-schema-graph\">{\"@context\":\"https:\\\/\\\/schema.org\",\"@graph\":[{\"@type\":\"WebPage\",\"@id\":\"https:\\\/\\\/mypokestore.ch\\\/index.php\\\/produkt\\\/sonnemond-nacht-in-flammen-display-36-booster-box\\\/\",\"url\":\"https:\\\/\\\/mypokestore.ch\\\/index.php\\\/produkt\\\/sonnemond-nacht-in-flammen-display-36-booster-box\\\/\",\"name\":\"Sonne&Mond Nacht in Flammen Display, 36 Booster Box - my Poke Store\",\"isPartOf\":{\"@id\":\"https:\\\/\\\/mypokestore.ch\\\/#website\"},\"primaryImageOfPage\":{\"@id\":\"https:\\\/\\\/mypokestore.ch\\\/index.php\\\/produkt\\\/sonnemond-nacht-in-flammen-display-36-booster-box\\\/#primaryimage\"},\"image\":{\"@id\":\"https:\\\/\\\/mypokestore.ch\\\/index.php\\\/produkt\\\/sonnemond-nacht-in-flammen-display-36-booster-box\\\/#primaryimage\"},\"thumbnailUrl\":\"https:\\\/\\\/i0.wp.com\\\/mypokestore.ch\\\/wp-content\\\/uploads\\\/2021\\\/04\\\/pokemon-sonne-und-mond-nacht-in-flammen-display-36-booster.jpg?fit=600%2C656&ssl=1\",\"datePublished\":\"2021-04-01T12:00:51+00:00\",\"dateModified\":\"2021-12-08T13:03:48+00:00\",\"breadcrumb\":{\"@id\":\"https:\\\/\\\/mypokestore.ch\\\/index.php\\\/produkt\\\/sonnemond-nacht-in-flammen-display-36-booster-box\\\/#breadcrumb\"},\"inLanguage\":\"de\",\"potentialAction\":[{\"@type\":\"ReadAction\",\"target\":[\"https:\\\/\\\/mypokestore.ch\\\/index.php\\\/produkt\\\/sonnemond-nacht-in-flammen-display-36-booster-box\\\/\"]}]},{\"@type\":\"ImageObject\",\"inLanguage\":\"de\",\"@id\":\"https:\\\/\\\/mypokestore.ch\\\/index.php\\\/produkt\\\/sonnemond-nacht-in-flammen-display-36-booster-box\\\/#primaryimage\",\"url\":\"https:\\\/\\\/i0.wp.com\\\/mypokestore.ch\\\/wp-content\\\/uploads\\\/2021\\\/04\\\/pokemon-sonne-und-mond-nacht-in-flammen-display-36-booster.jpg?fit=600%2C656&ssl=1\",\"contentUrl\":\"https:\\\/\\\/i0.wp.com\\\/mypokestore.ch\\\/wp-content\\\/uploads\\\/2021\\\/04\\\/pokemon-sonne-und-mond-nacht-in-flammen-display-36-booster.jpg?fit=600%2C656&ssl=1\",\"width\":600,\"height\":656},{\"@type\":\"BreadcrumbList\",\"@id\":\"https:\\\/\\\/mypokestore.ch\\\/index.php\\\/produkt\\\/sonnemond-nacht-in-flammen-display-36-booster-box\\\/#breadcrumb\",\"itemListElement\":[{\"@type\":\"ListItem\",\"position\":1,\"name\":\"Startseite\",\"item\":\"https:\\\/\\\/mypokestore.ch\\\/\"},{\"@type\":\"ListItem\",\"position\":2,\"name\":\"Privater Pok\u00e9mon Shop\",\"item\":\"https:\\\/\\\/mypokestore.ch\\\/\"},{\"@type\":\"ListItem\",\"position\":3,\"name\":\"Sonne&#038;Mond Nacht in Flammen Display, 36 Booster Box\"}]},{\"@type\":\"WebSite\",\"@id\":\"https:\\\/\\\/mypokestore.ch\\\/#website\",\"url\":\"https:\\\/\\\/mypokestore.ch\\\/\",\"name\":\"my Poke Store\",\"description\":\"Privater Pok\u00e9mon TCG Shop\",\"publisher\":{\"@id\":\"https:\\\/\\\/mypokestore.ch\\\/#organization\"},\"potentialAction\":[{\"@type\":\"SearchAction\",\"target\":{\"@type\":\"EntryPoint\",\"urlTemplate\":\"https:\\\/\\\/mypokestore.ch\\\/?s={search_term_string}\"},\"query-input\":{\"@type\":\"PropertyValueSpecification\",\"valueRequired\":true,\"valueName\":\"search_term_string\"}}],\"inLanguage\":\"de\"},{\"@type\":\"Organization\",\"@id\":\"https:\\\/\\\/mypokestore.ch\\\/#organization\",\"name\":\"My Poke Store\",\"url\":\"https:\\\/\\\/mypokestore.ch\\\/\",\"logo\":{\"@type\":\"ImageObject\",\"inLanguage\":\"de\",\"@id\":\"https:\\\/\\\/mypokestore.ch\\\/#\\\/schema\\\/logo\\\/image\\\/\",\"url\":\"https:\\\/\\\/i0.wp.com\\\/mypokestore.ch\\\/wp-content\\\/uploads\\\/2021\\\/03\\\/cropped-pika-e1615890979707-1.png?fit=512%2C512&ssl=1\",\"contentUrl\":\"https:\\\/\\\/i0.wp.com\\\/mypokestore.ch\\\/wp-content\\\/uploads\\\/2021\\\/03\\\/cropped-pika-e1615890979707-1.png?fit=512%2C512&ssl=1\",\"width\":512,\"height\":512,\"caption\":\"My Poke Store\"},\"image\":{\"@id\":\"https:\\\/\\\/mypokestore.ch\\\/#\\\/schema\\\/logo\\\/image\\\/\"}}]}<\/script>\n<!-- \/ Yoast SEO plugin. -->","yoast_head_json":{"title":"Sonne&Mond Nacht in Flammen Display, 36 Booster Box - my Poke Store","robots":{"index":"index","follow":"follow","max-snippet":"max-snippet:-1","max-image-preview":"max-image-preview:large","max-video-preview":"max-video-preview:-1"},"canonical":"https:\/\/mypokestore.ch\/index.php\/produkt\/sonnemond-nacht-in-flammen-display-36-booster-box\/","og_locale":"de_DE","og_type":"article","og_title":"Sonne&Mond Nacht in Flammen Display, 36 Booster Box - my Poke Store","og_description":"Das Set Sonne &amp; Mond Nacht in Flammen enth\u00e4lt viele Pok\u00e9mon aus der Alola-Region. Unter anderem eine Rainbow Variante von Glurak GX! Das enth\u00e4lt 36 Booster mit jeweils 10 Karten.","og_url":"https:\/\/mypokestore.ch\/index.php\/produkt\/sonnemond-nacht-in-flammen-display-36-booster-box\/","og_site_name":"my Poke Store","article_modified_time":"2021-12-08T13:03:48+00:00","og_image":[{"width":600,"height":656,"url":"https:\/\/mypokestore.ch\/wp-content\/uploads\/2021\/04\/pokemon-sonne-und-mond-nacht-in-flammen-display-36-booster.jpg","type":"image\/jpeg"}],"twitter_card":"summary_large_image","twitter_misc":{"Gesch\u00e4tzte Lesezeit":"1\u00a0Minute"},"schema":{"@context":"https:\/\/schema.org","@graph":[{"@type":"WebPage","@id":"https:\/\/mypokestore.ch\/index.php\/produkt\/sonnemond-nacht-in-flammen-display-36-booster-box\/","url":"https:\/\/mypokestore.ch\/index.php\/produkt\/sonnemond-nacht-in-flammen-display-36-booster-box\/","name":"Sonne&Mond Nacht in Flammen Display, 36 Booster Box - my Poke Store","isPartOf":{"@id":"https:\/\/mypokestore.ch\/#website"},"primaryImageOfPage":{"@id":"https:\/\/mypokestore.ch\/index.php\/produkt\/sonnemond-nacht-in-flammen-display-36-booster-box\/#primaryimage"},"image":{"@id":"https:\/\/mypokestore.ch\/index.php\/produkt\/sonnemond-nacht-in-flammen-display-36-booster-box\/#primaryimage"},"thumbnailUrl":"https:\/\/i0.wp.com\/mypokestore.ch\/wp-content\/uploads\/2021\/04\/pokemon-sonne-und-mond-nacht-in-flammen-display-36-booster.jpg?fit=600%2C656&ssl=1","datePublished":"2021-04-01T12:00:51+00:00","dateModified":"2021-12-08T13:03:48+00:00","breadcrumb":{"@id":"https:\/\/mypokestore.ch\/index.php\/produkt\/sonnemond-nacht-in-flammen-display-36-booster-box\/#breadcrumb"},"inLanguage":"de","potentialAction":[{"@type":"ReadAction","target":["https:\/\/mypokestore.ch\/index.php\/produkt\/sonnemond-nacht-in-flammen-display-36-booster-box\/"]}]},{"@type":"ImageObject","inLanguage":"de","@id":"https:\/\/mypokestore.ch\/index.php\/produkt\/sonnemond-nacht-in-flammen-display-36-booster-box\/#primaryimage","url":"https:\/\/i0.wp.com\/mypokestore.ch\/wp-content\/uploads\/2021\/04\/pokemon-sonne-und-mond-nacht-in-flammen-display-36-booster.jpg?fit=600%2C656&ssl=1","contentUrl":"https:\/\/i0.wp.com\/mypokestore.ch\/wp-content\/uploads\/2021\/04\/pokemon-sonne-und-mond-nacht-in-flammen-display-36-booster.jpg?fit=600%2C656&ssl=1","width":600,"height":656},{"@type":"BreadcrumbList","@id":"https:\/\/mypokestore.ch\/index.php\/produkt\/sonnemond-nacht-in-flammen-display-36-booster-box\/#breadcrumb","itemListElement":[{"@type":"ListItem","position":1,"name":"Startseite","item":"https:\/\/mypokestore.ch\/"},{"@type":"ListItem","position":2,"name":"Privater Pok\u00e9mon Shop","item":"https:\/\/mypokestore.ch\/"},{"@type":"ListItem","position":3,"name":"Sonne&#038;Mond Nacht in Flammen Display, 36 Booster Box"}]},{"@type":"WebSite","@id":"https:\/\/mypokestore.ch\/#website","url":"https:\/\/mypokestore.ch\/","name":"my Poke Store","description":"Privater Pok\u00e9mon TCG Shop","publisher":{"@id":"https:\/\/mypokestore.ch\/#organization"},"potentialAction":[{"@type":"SearchAction","target":{"@type":"EntryPoint","urlTemplate":"https:\/\/mypokestore.ch\/?s={search_term_string}"},"query-input":{"@type":"PropertyValueSpecification","valueRequired":true,"valueName":"search_term_string"}}],"inLanguage":"de"},{"@type":"Organization","@id":"https:\/\/mypokestore.ch\/#organization","name":"My Poke Store","url":"https:\/\/mypokestore.ch\/","logo":{"@type":"ImageObject","inLanguage":"de","@id":"https:\/\/mypokestore.ch\/#\/schema\/logo\/image\/","url":"https:\/\/i0.wp.com\/mypokestore.ch\/wp-content\/uploads\/2021\/03\/cropped-pika-e1615890979707-1.png?fit=512%2C512&ssl=1","contentUrl":"https:\/\/i0.wp.com\/mypokestore.ch\/wp-content\/uploads\/2021\/03\/cropped-pika-e1615890979707-1.png?fit=512%2C512&ssl=1","width":512,"height":512,"caption":"My Poke Store"},"image":{"@id":"https:\/\/mypokestore.ch\/#\/schema\/logo\/image\/"}}]}},"jetpack_sharing_enabled":true,"_links":{"self":[{"href":"https:\/\/mypokestore.ch\/index.php\/wp-json\/wp\/v2\/product\/245","targetHints":{"allow":["GET"]}}],"collection":[{"href":"https:\/\/mypokestore.ch\/index.php\/wp-json\/wp\/v2\/product"}],"about":[{"href":"https:\/\/mypokestore.ch\/index.php\/wp-json\/wp\/v2\/types\/product"}],"wp:featuredmedia":[{"embeddable":true,"href":"https:\/\/mypokestore.ch\/index.php\/wp-json\/wp\/v2\/media\/246"}],"wp:attachment":[{"href":"https:\/\/mypokestore.ch\/index.php\/wp-json\/wp\/v2\/media?parent=245"}],"wp:term":[{"taxonomy":"product_brand","embeddable":true,"href":"https:\/\/mypokestore.ch\/index.php\/wp-json\/wp\/v2\/product_brand?post=245"},{"taxonomy":"product_cat","embeddable":true,"href":"https:\/\/mypokestore.ch\/index.php\/wp-json\/wp\/v2\/product_cat?post=245"},{"taxonomy":"product_tag","embeddable":true,"href":"https:\/\/mypokestore.ch\/index.php\/wp-json\/wp\/v2\/product_tag?post=245"}],"curies":[{"name":"wp","href":"https:\/\/api.w.org\/{rel}","templated":true}]}}