{"id":215,"date":"2021-03-22T13:41:48","date_gmt":"2021-03-22T13:41:48","guid":{"rendered":"https:\/\/mypokestore.ch\/?post_type=product&#038;p=215"},"modified":"2021-05-19T09:58:38","modified_gmt":"2021-05-19T09:58:38","slug":"kampfstile-top-trainerbox-blau","status":"publish","type":"product","link":"https:\/\/mypokestore.ch\/index.php\/produkt\/kampfstile-top-trainerbox-blau\/","title":{"rendered":"Kampfstile Top Trainerbox blau"},"content":{"rendered":"<p>Die neue Trainerbox des Pokemon Sammelkartenspiels des Set &#8222;Kampfstile&#8220;.<\/p>\n<p>Inhalt pro Box:<\/p>\n<ul>\n<li>6x Schadensmarken-W\u00fcrfel<\/li>\n<li>1x M\u00fcnzwurf-W\u00fcrfel<\/li>\n<li>65x Kartenh\u00fcllen<\/li>\n<li>45x Energiekarten<\/li>\n<li>8x Boosterpacks Sword &amp; Shield Kampfstile<\/li>\n<li>1x Spielanleitung f\u00fcr die Erweiterung<\/li>\n<li>1x Regelbuch f\u00fcr das Pok\u00e9mon-Sammelkartenspiel<\/li>\n<li>2x Kunststoffmarken f\u00fcr Spezielle Zust\u00e4nde<\/li>\n<li>1x Sammelbox mit 4 Trennstegen<\/li>\n<li>1x Code-Karte f\u00fcr das Pok\u00e9mon-Sammelkartenspiel-Online<\/li>\n<\/ul>\n","protected":false},"excerpt":{"rendered":"<p>Die neue Trainerbox des Pokemon Sammelkartenspiels des Set &#8222;Kampfstile&#8220;. Inhalt pro Box: 6x Schadensmarken-W\u00fcrfel 1x M\u00fcnzwurf-W\u00fcrfel 65x Kartenh\u00fcllen 45x Energiekarten 8x Boosterpacks Sword &amp; Shield Kampfstile 1x Spielanleitung f\u00fcr die Erweiterung 1x Regelbuch f\u00fcr das Pok\u00e9mon-Sammelkartenspiel 2x Kunststoffmarken f\u00fcr Spezielle Zust\u00e4nde 1x Sammelbox mit 4 Trennstegen 1x Code-Karte f\u00fcr das Pok\u00e9mon-Sammelkartenspiel-Online<\/p>\n","protected":false},"featured_media":216,"template":"","meta":{"pgc_sgb_lightbox_settings":""},"product_brand":[],"product_cat":[27],"product_tag":[30],"class_list":{"0":"post-215","1":"product","2":"type-product","3":"status-publish","4":"has-post-thumbnail","6":"product_cat-trainerboxen","7":"product_tag-pokemon","9":"first","10":"outofstock","11":"shipping-taxable","12":"purchasable","13":"product-type-simple"},"yoast_head":"<!-- This site is optimized with the Yoast SEO plugin v27.6 - https:\/\/yoast.com\/product\/yoast-seo-wordpress\/ -->\n<title>Kampfstile Top Trainerbox blau - my Poke Store<\/title>\n<meta name=\"robots\" content=\"index, follow, max-snippet:-1, max-image-preview:large, max-video-preview:-1\" \/>\n<link rel=\"canonical\" href=\"https:\/\/mypokestore.ch\/index.php\/produkt\/kampfstile-top-trainerbox-blau\/\" \/>\n<meta property=\"og:locale\" content=\"de_DE\" \/>\n<meta property=\"og:type\" content=\"article\" \/>\n<meta property=\"og:title\" content=\"Kampfstile Top Trainerbox blau - my Poke Store\" \/>\n<meta property=\"og:description\" content=\"Die neue Trainerbox des Pokemon Sammelkartenspiels des Set &#8222;Kampfstile&#8220;. Inhalt pro Box: 6x Schadensmarken-W\u00fcrfel 1x M\u00fcnzwurf-W\u00fcrfel 65x Kartenh\u00fcllen 45x Energiekarten 8x Boosterpacks Sword &amp; Shield Kampfstile 1x Spielanleitung f\u00fcr die Erweiterung 1x Regelbuch f\u00fcr das Pok\u00e9mon-Sammelkartenspiel 2x Kunststoffmarken f\u00fcr Spezielle Zust\u00e4nde 1x Sammelbox mit 4 Trennstegen 1x Code-Karte f\u00fcr das Pok\u00e9mon-Sammelkartenspiel-Online\" \/>\n<meta property=\"og:url\" content=\"https:\/\/mypokestore.ch\/index.php\/produkt\/kampfstile-top-trainerbox-blau\/\" \/>\n<meta property=\"og:site_name\" content=\"my Poke Store\" \/>\n<meta property=\"article:modified_time\" content=\"2021-05-19T09:58:38+00:00\" \/>\n<meta property=\"og:image\" content=\"https:\/\/i1.wp.com\/mypokestore.ch\/wp-content\/uploads\/2021\/03\/kampfstile_ttp_blau.jpg?fit=600%2C600&ssl=1\" \/>\n\t<meta property=\"og:image:width\" content=\"600\" \/>\n\t<meta property=\"og:image:height\" content=\"600\" \/>\n\t<meta property=\"og:image:type\" content=\"image\/jpeg\" \/>\n<meta name=\"twitter:card\" content=\"summary_large_image\" \/>\n<meta name=\"twitter:label1\" content=\"Gesch\u00e4tzte Lesezeit\" \/>\n\t<meta name=\"twitter:data1\" content=\"1\u00a0Minute\" \/>\n<script type=\"application\/ld+json\" class=\"yoast-schema-graph\">{\"@context\":\"https:\\\/\\\/schema.org\",\"@graph\":[{\"@type\":\"WebPage\",\"@id\":\"https:\\\/\\\/mypokestore.ch\\\/index.php\\\/produkt\\\/kampfstile-top-trainerbox-blau\\\/\",\"url\":\"https:\\\/\\\/mypokestore.ch\\\/index.php\\\/produkt\\\/kampfstile-top-trainerbox-blau\\\/\",\"name\":\"Kampfstile Top Trainerbox blau - my Poke Store\",\"isPartOf\":{\"@id\":\"https:\\\/\\\/mypokestore.ch\\\/#website\"},\"primaryImageOfPage\":{\"@id\":\"https:\\\/\\\/mypokestore.ch\\\/index.php\\\/produkt\\\/kampfstile-top-trainerbox-blau\\\/#primaryimage\"},\"image\":{\"@id\":\"https:\\\/\\\/mypokestore.ch\\\/index.php\\\/produkt\\\/kampfstile-top-trainerbox-blau\\\/#primaryimage\"},\"thumbnailUrl\":\"https:\\\/\\\/i0.wp.com\\\/mypokestore.ch\\\/wp-content\\\/uploads\\\/2021\\\/03\\\/kampfstile_ttp_blau.jpg?fit=600%2C600&ssl=1\",\"datePublished\":\"2021-03-22T13:41:48+00:00\",\"dateModified\":\"2021-05-19T09:58:38+00:00\",\"breadcrumb\":{\"@id\":\"https:\\\/\\\/mypokestore.ch\\\/index.php\\\/produkt\\\/kampfstile-top-trainerbox-blau\\\/#breadcrumb\"},\"inLanguage\":\"de\",\"potentialAction\":[{\"@type\":\"ReadAction\",\"target\":[\"https:\\\/\\\/mypokestore.ch\\\/index.php\\\/produkt\\\/kampfstile-top-trainerbox-blau\\\/\"]}]},{\"@type\":\"ImageObject\",\"inLanguage\":\"de\",\"@id\":\"https:\\\/\\\/mypokestore.ch\\\/index.php\\\/produkt\\\/kampfstile-top-trainerbox-blau\\\/#primaryimage\",\"url\":\"https:\\\/\\\/i0.wp.com\\\/mypokestore.ch\\\/wp-content\\\/uploads\\\/2021\\\/03\\\/kampfstile_ttp_blau.jpg?fit=600%2C600&ssl=1\",\"contentUrl\":\"https:\\\/\\\/i0.wp.com\\\/mypokestore.ch\\\/wp-content\\\/uploads\\\/2021\\\/03\\\/kampfstile_ttp_blau.jpg?fit=600%2C600&ssl=1\",\"width\":600,\"height\":600},{\"@type\":\"BreadcrumbList\",\"@id\":\"https:\\\/\\\/mypokestore.ch\\\/index.php\\\/produkt\\\/kampfstile-top-trainerbox-blau\\\/#breadcrumb\",\"itemListElement\":[{\"@type\":\"ListItem\",\"position\":1,\"name\":\"Startseite\",\"item\":\"https:\\\/\\\/mypokestore.ch\\\/\"},{\"@type\":\"ListItem\",\"position\":2,\"name\":\"Privater Pok\u00e9mon Shop\",\"item\":\"https:\\\/\\\/mypokestore.ch\\\/\"},{\"@type\":\"ListItem\",\"position\":3,\"name\":\"Kampfstile Top Trainerbox blau\"}]},{\"@type\":\"WebSite\",\"@id\":\"https:\\\/\\\/mypokestore.ch\\\/#website\",\"url\":\"https:\\\/\\\/mypokestore.ch\\\/\",\"name\":\"my Poke Store\",\"description\":\"Privater Pok\u00e9mon TCG Shop\",\"publisher\":{\"@id\":\"https:\\\/\\\/mypokestore.ch\\\/#organization\"},\"potentialAction\":[{\"@type\":\"SearchAction\",\"target\":{\"@type\":\"EntryPoint\",\"urlTemplate\":\"https:\\\/\\\/mypokestore.ch\\\/?s={search_term_string}\"},\"query-input\":{\"@type\":\"PropertyValueSpecification\",\"valueRequired\":true,\"valueName\":\"search_term_string\"}}],\"inLanguage\":\"de\"},{\"@type\":\"Organization\",\"@id\":\"https:\\\/\\\/mypokestore.ch\\\/#organization\",\"name\":\"My Poke Store\",\"url\":\"https:\\\/\\\/mypokestore.ch\\\/\",\"logo\":{\"@type\":\"ImageObject\",\"inLanguage\":\"de\",\"@id\":\"https:\\\/\\\/mypokestore.ch\\\/#\\\/schema\\\/logo\\\/image\\\/\",\"url\":\"https:\\\/\\\/i0.wp.com\\\/mypokestore.ch\\\/wp-content\\\/uploads\\\/2021\\\/03\\\/cropped-pika-e1615890979707-1.png?fit=512%2C512&ssl=1\",\"contentUrl\":\"https:\\\/\\\/i0.wp.com\\\/mypokestore.ch\\\/wp-content\\\/uploads\\\/2021\\\/03\\\/cropped-pika-e1615890979707-1.png?fit=512%2C512&ssl=1\",\"width\":512,\"height\":512,\"caption\":\"My Poke Store\"},\"image\":{\"@id\":\"https:\\\/\\\/mypokestore.ch\\\/#\\\/schema\\\/logo\\\/image\\\/\"}}]}<\/script>\n<!-- \/ Yoast SEO plugin. -->","yoast_head_json":{"title":"Kampfstile Top Trainerbox blau - my Poke Store","robots":{"index":"index","follow":"follow","max-snippet":"max-snippet:-1","max-image-preview":"max-image-preview:large","max-video-preview":"max-video-preview:-1"},"canonical":"https:\/\/mypokestore.ch\/index.php\/produkt\/kampfstile-top-trainerbox-blau\/","og_locale":"de_DE","og_type":"article","og_title":"Kampfstile Top Trainerbox blau - my Poke Store","og_description":"Die neue Trainerbox des Pokemon Sammelkartenspiels des Set &#8222;Kampfstile&#8220;. Inhalt pro Box: 6x Schadensmarken-W\u00fcrfel 1x M\u00fcnzwurf-W\u00fcrfel 65x Kartenh\u00fcllen 45x Energiekarten 8x Boosterpacks Sword &amp; Shield Kampfstile 1x Spielanleitung f\u00fcr die Erweiterung 1x Regelbuch f\u00fcr das Pok\u00e9mon-Sammelkartenspiel 2x Kunststoffmarken f\u00fcr Spezielle Zust\u00e4nde 1x Sammelbox mit 4 Trennstegen 1x Code-Karte f\u00fcr das Pok\u00e9mon-Sammelkartenspiel-Online","og_url":"https:\/\/mypokestore.ch\/index.php\/produkt\/kampfstile-top-trainerbox-blau\/","og_site_name":"my Poke Store","article_modified_time":"2021-05-19T09:58:38+00:00","og_image":[{"width":600,"height":600,"url":"https:\/\/i1.wp.com\/mypokestore.ch\/wp-content\/uploads\/2021\/03\/kampfstile_ttp_blau.jpg?fit=600%2C600&ssl=1","type":"image\/jpeg"}],"twitter_card":"summary_large_image","twitter_misc":{"Gesch\u00e4tzte Lesezeit":"1\u00a0Minute"},"schema":{"@context":"https:\/\/schema.org","@graph":[{"@type":"WebPage","@id":"https:\/\/mypokestore.ch\/index.php\/produkt\/kampfstile-top-trainerbox-blau\/","url":"https:\/\/mypokestore.ch\/index.php\/produkt\/kampfstile-top-trainerbox-blau\/","name":"Kampfstile Top Trainerbox blau - my Poke Store","isPartOf":{"@id":"https:\/\/mypokestore.ch\/#website"},"primaryImageOfPage":{"@id":"https:\/\/mypokestore.ch\/index.php\/produkt\/kampfstile-top-trainerbox-blau\/#primaryimage"},"image":{"@id":"https:\/\/mypokestore.ch\/index.php\/produkt\/kampfstile-top-trainerbox-blau\/#primaryimage"},"thumbnailUrl":"https:\/\/i0.wp.com\/mypokestore.ch\/wp-content\/uploads\/2021\/03\/kampfstile_ttp_blau.jpg?fit=600%2C600&ssl=1","datePublished":"2021-03-22T13:41:48+00:00","dateModified":"2021-05-19T09:58:38+00:00","breadcrumb":{"@id":"https:\/\/mypokestore.ch\/index.php\/produkt\/kampfstile-top-trainerbox-blau\/#breadcrumb"},"inLanguage":"de","potentialAction":[{"@type":"ReadAction","target":["https:\/\/mypokestore.ch\/index.php\/produkt\/kampfstile-top-trainerbox-blau\/"]}]},{"@type":"ImageObject","inLanguage":"de","@id":"https:\/\/mypokestore.ch\/index.php\/produkt\/kampfstile-top-trainerbox-blau\/#primaryimage","url":"https:\/\/i0.wp.com\/mypokestore.ch\/wp-content\/uploads\/2021\/03\/kampfstile_ttp_blau.jpg?fit=600%2C600&ssl=1","contentUrl":"https:\/\/i0.wp.com\/mypokestore.ch\/wp-content\/uploads\/2021\/03\/kampfstile_ttp_blau.jpg?fit=600%2C600&ssl=1","width":600,"height":600},{"@type":"BreadcrumbList","@id":"https:\/\/mypokestore.ch\/index.php\/produkt\/kampfstile-top-trainerbox-blau\/#breadcrumb","itemListElement":[{"@type":"ListItem","position":1,"name":"Startseite","item":"https:\/\/mypokestore.ch\/"},{"@type":"ListItem","position":2,"name":"Privater Pok\u00e9mon Shop","item":"https:\/\/mypokestore.ch\/"},{"@type":"ListItem","position":3,"name":"Kampfstile Top Trainerbox blau"}]},{"@type":"WebSite","@id":"https:\/\/mypokestore.ch\/#website","url":"https:\/\/mypokestore.ch\/","name":"my Poke Store","description":"Privater Pok\u00e9mon TCG Shop","publisher":{"@id":"https:\/\/mypokestore.ch\/#organization"},"potentialAction":[{"@type":"SearchAction","target":{"@type":"EntryPoint","urlTemplate":"https:\/\/mypokestore.ch\/?s={search_term_string}"},"query-input":{"@type":"PropertyValueSpecification","valueRequired":true,"valueName":"search_term_string"}}],"inLanguage":"de"},{"@type":"Organization","@id":"https:\/\/mypokestore.ch\/#organization","name":"My Poke Store","url":"https:\/\/mypokestore.ch\/","logo":{"@type":"ImageObject","inLanguage":"de","@id":"https:\/\/mypokestore.ch\/#\/schema\/logo\/image\/","url":"https:\/\/i0.wp.com\/mypokestore.ch\/wp-content\/uploads\/2021\/03\/cropped-pika-e1615890979707-1.png?fit=512%2C512&ssl=1","contentUrl":"https:\/\/i0.wp.com\/mypokestore.ch\/wp-content\/uploads\/2021\/03\/cropped-pika-e1615890979707-1.png?fit=512%2C512&ssl=1","width":512,"height":512,"caption":"My Poke Store"},"image":{"@id":"https:\/\/mypokestore.ch\/#\/schema\/logo\/image\/"}}]}},"jetpack_sharing_enabled":true,"_links":{"self":[{"href":"https:\/\/mypokestore.ch\/index.php\/wp-json\/wp\/v2\/product\/215","targetHints":{"allow":["GET"]}}],"collection":[{"href":"https:\/\/mypokestore.ch\/index.php\/wp-json\/wp\/v2\/product"}],"about":[{"href":"https:\/\/mypokestore.ch\/index.php\/wp-json\/wp\/v2\/types\/product"}],"wp:featuredmedia":[{"embeddable":true,"href":"https:\/\/mypokestore.ch\/index.php\/wp-json\/wp\/v2\/media\/216"}],"wp:attachment":[{"href":"https:\/\/mypokestore.ch\/index.php\/wp-json\/wp\/v2\/media?parent=215"}],"wp:term":[{"taxonomy":"product_brand","embeddable":true,"href":"https:\/\/mypokestore.ch\/index.php\/wp-json\/wp\/v2\/product_brand?post=215"},{"taxonomy":"product_cat","embeddable":true,"href":"https:\/\/mypokestore.ch\/index.php\/wp-json\/wp\/v2\/product_cat?post=215"},{"taxonomy":"product_tag","embeddable":true,"href":"https:\/\/mypokestore.ch\/index.php\/wp-json\/wp\/v2\/product_tag?post=215"}],"curies":[{"name":"wp","href":"https:\/\/api.w.org\/{rel}","templated":true}]}}