{"id":201,"date":"2021-03-18T08:55:03","date_gmt":"2021-03-18T08:55:03","guid":{"rendered":"https:\/\/mypokestore.ch\/?post_type=product&#038;p=201"},"modified":"2021-04-01T20:51:13","modified_gmt":"2021-04-01T20:51:13","slug":"shining-fates-tin-set-alle-3","status":"publish","type":"product","link":"https:\/\/mypokestore.ch\/index.php\/produkt\/shining-fates-tin-set-alle-3\/","title":{"rendered":"Shining Fates Tin Set &#8211; alle 3"},"content":{"rendered":"<ul>\n<li>Alle 3 Tin-Boxen sind in diesem Set enthalten<\/li>\n<li>Jede Tin-Box\u00a0<em>Shining Fates<\/em>\u00a0des Pok\u00e9mon-Sammelkartenspiels enth\u00e4lt:\n<ul>\n<li>1 von 3 holografischen Karten mit einem Schillernden Pok\u00e9mon-V: Eldegoss-V, Boltund-V oder Cramorant-V<\/li>\n<li>5 Boosterpacks der Pok\u00e9mon-Sammelkartenspiel-Erweiterung\u00a0<em>Shining Fates<\/em><\/li>\n<li>1 Code-Karte f\u00fcr das\u00a0Pok\u00e9mon-Sammelkartenspiel-Online<\/li>\n<\/ul>\n<\/li>\n<\/ul>\n","protected":false},"excerpt":{"rendered":"<p>Alle 3 Tin-Boxen sind in diesem Set enthalten Jede Tin-Box\u00a0Shining Fates\u00a0des Pok\u00e9mon-Sammelkartenspiels enth\u00e4lt: 1 von 3 holografischen Karten mit einem Schillernden Pok\u00e9mon-V: Eldegoss-V, Boltund-V oder Cramorant-V 5 Boosterpacks der Pok\u00e9mon-Sammelkartenspiel-Erweiterung\u00a0Shining Fates 1 Code-Karte f\u00fcr das\u00a0Pok\u00e9mon-Sammelkartenspiel-Online<\/p>\n","protected":false},"featured_media":202,"template":"","meta":{"pgc_sgb_lightbox_settings":""},"product_brand":[],"product_cat":[16],"product_tag":[30],"class_list":{"0":"post-201","1":"product","2":"type-product","3":"status-publish","4":"has-post-thumbnail","6":"product_cat-collections-tins","7":"product_tag-pokemon","9":"first","10":"outofstock","11":"shipping-taxable","12":"purchasable","13":"product-type-simple"},"yoast_head":"<!-- This site is optimized with the Yoast SEO plugin v27.6 - https:\/\/yoast.com\/product\/yoast-seo-wordpress\/ -->\n<title>Shining Fates Tin Set - alle 3 - my Poke Store<\/title>\n<meta name=\"robots\" content=\"index, follow, max-snippet:-1, max-image-preview:large, max-video-preview:-1\" \/>\n<link rel=\"canonical\" href=\"https:\/\/mypokestore.ch\/index.php\/produkt\/shining-fates-tin-set-alle-3\/\" \/>\n<meta property=\"og:locale\" content=\"de_DE\" \/>\n<meta property=\"og:type\" content=\"article\" \/>\n<meta property=\"og:title\" content=\"Shining Fates Tin Set - alle 3 - my Poke Store\" \/>\n<meta property=\"og:description\" content=\"Alle 3 Tin-Boxen sind in diesem Set enthalten Jede Tin-Box\u00a0Shining Fates\u00a0des Pok\u00e9mon-Sammelkartenspiels enth\u00e4lt: 1 von 3 holografischen Karten mit einem Schillernden Pok\u00e9mon-V: Eldegoss-V, Boltund-V oder Cramorant-V 5 Boosterpacks der Pok\u00e9mon-Sammelkartenspiel-Erweiterung\u00a0Shining Fates 1 Code-Karte f\u00fcr das\u00a0Pok\u00e9mon-Sammelkartenspiel-Online\" \/>\n<meta property=\"og:url\" content=\"https:\/\/mypokestore.ch\/index.php\/produkt\/shining-fates-tin-set-alle-3\/\" \/>\n<meta property=\"og:site_name\" content=\"my Poke Store\" \/>\n<meta property=\"article:modified_time\" content=\"2021-04-01T20:51:13+00:00\" \/>\n<meta property=\"og:image\" content=\"https:\/\/i1.wp.com\/mypokestore.ch\/wp-content\/uploads\/2021\/03\/pokemon-swsh45-glaenzendes-schicksal-tin-box-set-3-tin-boxen.png?fit=800%2C800&ssl=1\" \/>\n\t<meta property=\"og:image:width\" content=\"800\" \/>\n\t<meta property=\"og:image:height\" content=\"800\" \/>\n\t<meta property=\"og:image:type\" content=\"image\/png\" \/>\n<meta name=\"twitter:card\" content=\"summary_large_image\" \/>\n<meta name=\"twitter:label1\" content=\"Gesch\u00e4tzte Lesezeit\" \/>\n\t<meta name=\"twitter:data1\" content=\"1\u00a0Minute\" \/>\n<script type=\"application\/ld+json\" class=\"yoast-schema-graph\">{\"@context\":\"https:\\\/\\\/schema.org\",\"@graph\":[{\"@type\":\"WebPage\",\"@id\":\"https:\\\/\\\/mypokestore.ch\\\/index.php\\\/produkt\\\/shining-fates-tin-set-alle-3\\\/\",\"url\":\"https:\\\/\\\/mypokestore.ch\\\/index.php\\\/produkt\\\/shining-fates-tin-set-alle-3\\\/\",\"name\":\"Shining Fates Tin Set - alle 3 - my Poke Store\",\"isPartOf\":{\"@id\":\"https:\\\/\\\/mypokestore.ch\\\/#website\"},\"primaryImageOfPage\":{\"@id\":\"https:\\\/\\\/mypokestore.ch\\\/index.php\\\/produkt\\\/shining-fates-tin-set-alle-3\\\/#primaryimage\"},\"image\":{\"@id\":\"https:\\\/\\\/mypokestore.ch\\\/index.php\\\/produkt\\\/shining-fates-tin-set-alle-3\\\/#primaryimage\"},\"thumbnailUrl\":\"https:\\\/\\\/i0.wp.com\\\/mypokestore.ch\\\/wp-content\\\/uploads\\\/2021\\\/03\\\/pokemon-swsh45-glaenzendes-schicksal-tin-box-set-3-tin-boxen.png?fit=800%2C800&ssl=1\",\"datePublished\":\"2021-03-18T08:55:03+00:00\",\"dateModified\":\"2021-04-01T20:51:13+00:00\",\"breadcrumb\":{\"@id\":\"https:\\\/\\\/mypokestore.ch\\\/index.php\\\/produkt\\\/shining-fates-tin-set-alle-3\\\/#breadcrumb\"},\"inLanguage\":\"de\",\"potentialAction\":[{\"@type\":\"ReadAction\",\"target\":[\"https:\\\/\\\/mypokestore.ch\\\/index.php\\\/produkt\\\/shining-fates-tin-set-alle-3\\\/\"]}]},{\"@type\":\"ImageObject\",\"inLanguage\":\"de\",\"@id\":\"https:\\\/\\\/mypokestore.ch\\\/index.php\\\/produkt\\\/shining-fates-tin-set-alle-3\\\/#primaryimage\",\"url\":\"https:\\\/\\\/i0.wp.com\\\/mypokestore.ch\\\/wp-content\\\/uploads\\\/2021\\\/03\\\/pokemon-swsh45-glaenzendes-schicksal-tin-box-set-3-tin-boxen.png?fit=800%2C800&ssl=1\",\"contentUrl\":\"https:\\\/\\\/i0.wp.com\\\/mypokestore.ch\\\/wp-content\\\/uploads\\\/2021\\\/03\\\/pokemon-swsh45-glaenzendes-schicksal-tin-box-set-3-tin-boxen.png?fit=800%2C800&ssl=1\",\"width\":800,\"height\":800},{\"@type\":\"BreadcrumbList\",\"@id\":\"https:\\\/\\\/mypokestore.ch\\\/index.php\\\/produkt\\\/shining-fates-tin-set-alle-3\\\/#breadcrumb\",\"itemListElement\":[{\"@type\":\"ListItem\",\"position\":1,\"name\":\"Startseite\",\"item\":\"https:\\\/\\\/mypokestore.ch\\\/\"},{\"@type\":\"ListItem\",\"position\":2,\"name\":\"Privater Pok\u00e9mon Shop\",\"item\":\"https:\\\/\\\/mypokestore.ch\\\/\"},{\"@type\":\"ListItem\",\"position\":3,\"name\":\"Shining Fates Tin Set &#8211; alle 3\"}]},{\"@type\":\"WebSite\",\"@id\":\"https:\\\/\\\/mypokestore.ch\\\/#website\",\"url\":\"https:\\\/\\\/mypokestore.ch\\\/\",\"name\":\"my Poke Store\",\"description\":\"Privater Pok\u00e9mon TCG Shop\",\"publisher\":{\"@id\":\"https:\\\/\\\/mypokestore.ch\\\/#organization\"},\"potentialAction\":[{\"@type\":\"SearchAction\",\"target\":{\"@type\":\"EntryPoint\",\"urlTemplate\":\"https:\\\/\\\/mypokestore.ch\\\/?s={search_term_string}\"},\"query-input\":{\"@type\":\"PropertyValueSpecification\",\"valueRequired\":true,\"valueName\":\"search_term_string\"}}],\"inLanguage\":\"de\"},{\"@type\":\"Organization\",\"@id\":\"https:\\\/\\\/mypokestore.ch\\\/#organization\",\"name\":\"My Poke Store\",\"url\":\"https:\\\/\\\/mypokestore.ch\\\/\",\"logo\":{\"@type\":\"ImageObject\",\"inLanguage\":\"de\",\"@id\":\"https:\\\/\\\/mypokestore.ch\\\/#\\\/schema\\\/logo\\\/image\\\/\",\"url\":\"https:\\\/\\\/i0.wp.com\\\/mypokestore.ch\\\/wp-content\\\/uploads\\\/2021\\\/03\\\/cropped-pika-e1615890979707-1.png?fit=512%2C512&ssl=1\",\"contentUrl\":\"https:\\\/\\\/i0.wp.com\\\/mypokestore.ch\\\/wp-content\\\/uploads\\\/2021\\\/03\\\/cropped-pika-e1615890979707-1.png?fit=512%2C512&ssl=1\",\"width\":512,\"height\":512,\"caption\":\"My Poke Store\"},\"image\":{\"@id\":\"https:\\\/\\\/mypokestore.ch\\\/#\\\/schema\\\/logo\\\/image\\\/\"}}]}<\/script>\n<!-- \/ Yoast SEO plugin. -->","yoast_head_json":{"title":"Shining Fates Tin Set - alle 3 - my Poke Store","robots":{"index":"index","follow":"follow","max-snippet":"max-snippet:-1","max-image-preview":"max-image-preview:large","max-video-preview":"max-video-preview:-1"},"canonical":"https:\/\/mypokestore.ch\/index.php\/produkt\/shining-fates-tin-set-alle-3\/","og_locale":"de_DE","og_type":"article","og_title":"Shining Fates Tin Set - alle 3 - my Poke Store","og_description":"Alle 3 Tin-Boxen sind in diesem Set enthalten Jede Tin-Box\u00a0Shining Fates\u00a0des Pok\u00e9mon-Sammelkartenspiels enth\u00e4lt: 1 von 3 holografischen Karten mit einem Schillernden Pok\u00e9mon-V: Eldegoss-V, Boltund-V oder Cramorant-V 5 Boosterpacks der Pok\u00e9mon-Sammelkartenspiel-Erweiterung\u00a0Shining Fates 1 Code-Karte f\u00fcr das\u00a0Pok\u00e9mon-Sammelkartenspiel-Online","og_url":"https:\/\/mypokestore.ch\/index.php\/produkt\/shining-fates-tin-set-alle-3\/","og_site_name":"my Poke Store","article_modified_time":"2021-04-01T20:51:13+00:00","og_image":[{"width":800,"height":800,"url":"https:\/\/i1.wp.com\/mypokestore.ch\/wp-content\/uploads\/2021\/03\/pokemon-swsh45-glaenzendes-schicksal-tin-box-set-3-tin-boxen.png?fit=800%2C800&ssl=1","type":"image\/png"}],"twitter_card":"summary_large_image","twitter_misc":{"Gesch\u00e4tzte Lesezeit":"1\u00a0Minute"},"schema":{"@context":"https:\/\/schema.org","@graph":[{"@type":"WebPage","@id":"https:\/\/mypokestore.ch\/index.php\/produkt\/shining-fates-tin-set-alle-3\/","url":"https:\/\/mypokestore.ch\/index.php\/produkt\/shining-fates-tin-set-alle-3\/","name":"Shining Fates Tin Set - alle 3 - my Poke Store","isPartOf":{"@id":"https:\/\/mypokestore.ch\/#website"},"primaryImageOfPage":{"@id":"https:\/\/mypokestore.ch\/index.php\/produkt\/shining-fates-tin-set-alle-3\/#primaryimage"},"image":{"@id":"https:\/\/mypokestore.ch\/index.php\/produkt\/shining-fates-tin-set-alle-3\/#primaryimage"},"thumbnailUrl":"https:\/\/i0.wp.com\/mypokestore.ch\/wp-content\/uploads\/2021\/03\/pokemon-swsh45-glaenzendes-schicksal-tin-box-set-3-tin-boxen.png?fit=800%2C800&ssl=1","datePublished":"2021-03-18T08:55:03+00:00","dateModified":"2021-04-01T20:51:13+00:00","breadcrumb":{"@id":"https:\/\/mypokestore.ch\/index.php\/produkt\/shining-fates-tin-set-alle-3\/#breadcrumb"},"inLanguage":"de","potentialAction":[{"@type":"ReadAction","target":["https:\/\/mypokestore.ch\/index.php\/produkt\/shining-fates-tin-set-alle-3\/"]}]},{"@type":"ImageObject","inLanguage":"de","@id":"https:\/\/mypokestore.ch\/index.php\/produkt\/shining-fates-tin-set-alle-3\/#primaryimage","url":"https:\/\/i0.wp.com\/mypokestore.ch\/wp-content\/uploads\/2021\/03\/pokemon-swsh45-glaenzendes-schicksal-tin-box-set-3-tin-boxen.png?fit=800%2C800&ssl=1","contentUrl":"https:\/\/i0.wp.com\/mypokestore.ch\/wp-content\/uploads\/2021\/03\/pokemon-swsh45-glaenzendes-schicksal-tin-box-set-3-tin-boxen.png?fit=800%2C800&ssl=1","width":800,"height":800},{"@type":"BreadcrumbList","@id":"https:\/\/mypokestore.ch\/index.php\/produkt\/shining-fates-tin-set-alle-3\/#breadcrumb","itemListElement":[{"@type":"ListItem","position":1,"name":"Startseite","item":"https:\/\/mypokestore.ch\/"},{"@type":"ListItem","position":2,"name":"Privater Pok\u00e9mon Shop","item":"https:\/\/mypokestore.ch\/"},{"@type":"ListItem","position":3,"name":"Shining Fates Tin Set &#8211; alle 3"}]},{"@type":"WebSite","@id":"https:\/\/mypokestore.ch\/#website","url":"https:\/\/mypokestore.ch\/","name":"my Poke Store","description":"Privater Pok\u00e9mon TCG Shop","publisher":{"@id":"https:\/\/mypokestore.ch\/#organization"},"potentialAction":[{"@type":"SearchAction","target":{"@type":"EntryPoint","urlTemplate":"https:\/\/mypokestore.ch\/?s={search_term_string}"},"query-input":{"@type":"PropertyValueSpecification","valueRequired":true,"valueName":"search_term_string"}}],"inLanguage":"de"},{"@type":"Organization","@id":"https:\/\/mypokestore.ch\/#organization","name":"My Poke Store","url":"https:\/\/mypokestore.ch\/","logo":{"@type":"ImageObject","inLanguage":"de","@id":"https:\/\/mypokestore.ch\/#\/schema\/logo\/image\/","url":"https:\/\/i0.wp.com\/mypokestore.ch\/wp-content\/uploads\/2021\/03\/cropped-pika-e1615890979707-1.png?fit=512%2C512&ssl=1","contentUrl":"https:\/\/i0.wp.com\/mypokestore.ch\/wp-content\/uploads\/2021\/03\/cropped-pika-e1615890979707-1.png?fit=512%2C512&ssl=1","width":512,"height":512,"caption":"My Poke Store"},"image":{"@id":"https:\/\/mypokestore.ch\/#\/schema\/logo\/image\/"}}]}},"jetpack_sharing_enabled":true,"_links":{"self":[{"href":"https:\/\/mypokestore.ch\/index.php\/wp-json\/wp\/v2\/product\/201","targetHints":{"allow":["GET"]}}],"collection":[{"href":"https:\/\/mypokestore.ch\/index.php\/wp-json\/wp\/v2\/product"}],"about":[{"href":"https:\/\/mypokestore.ch\/index.php\/wp-json\/wp\/v2\/types\/product"}],"wp:featuredmedia":[{"embeddable":true,"href":"https:\/\/mypokestore.ch\/index.php\/wp-json\/wp\/v2\/media\/202"}],"wp:attachment":[{"href":"https:\/\/mypokestore.ch\/index.php\/wp-json\/wp\/v2\/media?parent=201"}],"wp:term":[{"taxonomy":"product_brand","embeddable":true,"href":"https:\/\/mypokestore.ch\/index.php\/wp-json\/wp\/v2\/product_brand?post=201"},{"taxonomy":"product_cat","embeddable":true,"href":"https:\/\/mypokestore.ch\/index.php\/wp-json\/wp\/v2\/product_cat?post=201"},{"taxonomy":"product_tag","embeddable":true,"href":"https:\/\/mypokestore.ch\/index.php\/wp-json\/wp\/v2\/product_tag?post=201"}],"curies":[{"name":"wp","href":"https:\/\/api.w.org\/{rel}","templated":true}]}}