{"id":183,"date":"2021-03-17T17:50:58","date_gmt":"2021-03-17T17:50:58","guid":{"rendered":"https:\/\/mypokestore.ch\/?post_type=product&#038;p=183"},"modified":"2022-10-27T19:08:05","modified_gmt":"2022-10-27T19:08:05","slug":"v-battle-deck-blastoise-vs-venusaur","status":"publish","type":"product","link":"https:\/\/mypokestore.ch\/index.php\/produkt\/v-battle-deck-blastoise-vs-venusaur\/","title":{"rendered":"V-Battle Deck Blastoise vs. Venusaur"},"content":{"rendered":"<ul>\n<li>2 spielbereite V-Kampfdecks (mit jeweils 60 Karten)<\/li>\n<li>Jedes Deck enth\u00e4lt ein besonderes m\u00e4chtiges Pok\u00e9mon: Bisaflor-V oder Turtok-V<\/li>\n<li>8 zus\u00e4tzliche Trainerkarten, inklusive 2 holografischer Karten<\/li>\n<li>2 gro\u00dfe M\u00fcnzen<\/li>\n<li>2 Deckboxen<\/li>\n<li>2 Kurzanleitungen zur Anwendung passender Strategien<\/li>\n<li>2 Spielunterlagen f\u00fcr jeweils 1 Spieler<\/li>\n<li>6 Referenzkarten<\/li>\n<li>Schadensmarken<\/li>\n<li>1 Anleitung zur Aufwertung deiner Decks<\/li>\n<li>1 Code-Karte f\u00fcr das\u00a0Pok\u00e9mon-Sammelkartenspiel-Online<\/li>\n<\/ul>\n","protected":false},"excerpt":{"rendered":"<p>2 spielbereite V-Kampfdecks (mit jeweils 60 Karten) Jedes Deck enth\u00e4lt ein besonderes m\u00e4chtiges Pok\u00e9mon: Bisaflor-V oder Turtok-V 8 zus\u00e4tzliche Trainerkarten, inklusive 2 holografischer Karten 2 gro\u00dfe M\u00fcnzen 2 Deckboxen 2 Kurzanleitungen zur Anwendung passender Strategien 2 Spielunterlagen f\u00fcr jeweils 1 Spieler 6 Referenzkarten Schadensmarken 1 Anleitung zur Aufwertung deiner Decks 1 Code-Karte f\u00fcr das\u00a0Pok\u00e9mon-Sammelkartenspiel-Online<\/p>\n","protected":false},"featured_media":184,"template":"","meta":{"pgc_sgb_lightbox_settings":""},"product_brand":[],"product_cat":[28],"product_tag":[30],"class_list":{"0":"post-183","1":"product","2":"type-product","3":"status-publish","4":"has-post-thumbnail","6":"product_cat-decks","7":"product_tag-pokemon","9":"first","10":"outofstock","11":"shipping-taxable","12":"purchasable","13":"product-type-simple"},"yoast_head":"<!-- This site is optimized with the Yoast SEO plugin v27.6 - https:\/\/yoast.com\/product\/yoast-seo-wordpress\/ -->\n<title>V-Battle Deck Blastoise vs. Venusaur - my Poke Store<\/title>\n<meta name=\"robots\" content=\"index, follow, max-snippet:-1, max-image-preview:large, max-video-preview:-1\" \/>\n<link rel=\"canonical\" href=\"https:\/\/mypokestore.ch\/index.php\/produkt\/v-battle-deck-blastoise-vs-venusaur\/\" \/>\n<meta property=\"og:locale\" content=\"de_DE\" \/>\n<meta property=\"og:type\" content=\"article\" \/>\n<meta property=\"og:title\" content=\"V-Battle Deck Blastoise vs. Venusaur - my Poke Store\" \/>\n<meta property=\"og:description\" content=\"2 spielbereite V-Kampfdecks (mit jeweils 60 Karten) Jedes Deck enth\u00e4lt ein besonderes m\u00e4chtiges Pok\u00e9mon: Bisaflor-V oder Turtok-V 8 zus\u00e4tzliche Trainerkarten, inklusive 2 holografischer Karten 2 gro\u00dfe M\u00fcnzen 2 Deckboxen 2 Kurzanleitungen zur Anwendung passender Strategien 2 Spielunterlagen f\u00fcr jeweils 1 Spieler 6 Referenzkarten Schadensmarken 1 Anleitung zur Aufwertung deiner Decks 1 Code-Karte f\u00fcr das\u00a0Pok\u00e9mon-Sammelkartenspiel-Online\" \/>\n<meta property=\"og:url\" content=\"https:\/\/mypokestore.ch\/index.php\/produkt\/v-battle-deck-blastoise-vs-venusaur\/\" \/>\n<meta property=\"og:site_name\" content=\"my Poke Store\" \/>\n<meta property=\"article:modified_time\" content=\"2022-10-27T19:08:05+00:00\" \/>\n<meta property=\"og:image\" content=\"https:\/\/i0.wp.com\/mypokestore.ch\/wp-content\/uploads\/2021\/03\/pokemon-vkampfdeck-bisaflor-vs-turtok.png?fit=800%2C800&ssl=1\" \/>\n\t<meta property=\"og:image:width\" content=\"800\" \/>\n\t<meta property=\"og:image:height\" content=\"800\" \/>\n\t<meta property=\"og:image:type\" content=\"image\/png\" \/>\n<meta name=\"twitter:card\" content=\"summary_large_image\" \/>\n<meta name=\"twitter:label1\" content=\"Gesch\u00e4tzte Lesezeit\" \/>\n\t<meta name=\"twitter:data1\" content=\"1\u00a0Minute\" \/>\n<script type=\"application\/ld+json\" class=\"yoast-schema-graph\">{\"@context\":\"https:\\\/\\\/schema.org\",\"@graph\":[{\"@type\":\"WebPage\",\"@id\":\"https:\\\/\\\/mypokestore.ch\\\/index.php\\\/produkt\\\/v-battle-deck-blastoise-vs-venusaur\\\/\",\"url\":\"https:\\\/\\\/mypokestore.ch\\\/index.php\\\/produkt\\\/v-battle-deck-blastoise-vs-venusaur\\\/\",\"name\":\"V-Battle Deck Blastoise vs. Venusaur - my Poke Store\",\"isPartOf\":{\"@id\":\"https:\\\/\\\/mypokestore.ch\\\/#website\"},\"primaryImageOfPage\":{\"@id\":\"https:\\\/\\\/mypokestore.ch\\\/index.php\\\/produkt\\\/v-battle-deck-blastoise-vs-venusaur\\\/#primaryimage\"},\"image\":{\"@id\":\"https:\\\/\\\/mypokestore.ch\\\/index.php\\\/produkt\\\/v-battle-deck-blastoise-vs-venusaur\\\/#primaryimage\"},\"thumbnailUrl\":\"https:\\\/\\\/i0.wp.com\\\/mypokestore.ch\\\/wp-content\\\/uploads\\\/2021\\\/03\\\/pokemon-vkampfdeck-bisaflor-vs-turtok.png?fit=800%2C800&ssl=1\",\"datePublished\":\"2021-03-17T17:50:58+00:00\",\"dateModified\":\"2022-10-27T19:08:05+00:00\",\"breadcrumb\":{\"@id\":\"https:\\\/\\\/mypokestore.ch\\\/index.php\\\/produkt\\\/v-battle-deck-blastoise-vs-venusaur\\\/#breadcrumb\"},\"inLanguage\":\"de\",\"potentialAction\":[{\"@type\":\"ReadAction\",\"target\":[\"https:\\\/\\\/mypokestore.ch\\\/index.php\\\/produkt\\\/v-battle-deck-blastoise-vs-venusaur\\\/\"]}]},{\"@type\":\"ImageObject\",\"inLanguage\":\"de\",\"@id\":\"https:\\\/\\\/mypokestore.ch\\\/index.php\\\/produkt\\\/v-battle-deck-blastoise-vs-venusaur\\\/#primaryimage\",\"url\":\"https:\\\/\\\/i0.wp.com\\\/mypokestore.ch\\\/wp-content\\\/uploads\\\/2021\\\/03\\\/pokemon-vkampfdeck-bisaflor-vs-turtok.png?fit=800%2C800&ssl=1\",\"contentUrl\":\"https:\\\/\\\/i0.wp.com\\\/mypokestore.ch\\\/wp-content\\\/uploads\\\/2021\\\/03\\\/pokemon-vkampfdeck-bisaflor-vs-turtok.png?fit=800%2C800&ssl=1\",\"width\":800,\"height\":800},{\"@type\":\"BreadcrumbList\",\"@id\":\"https:\\\/\\\/mypokestore.ch\\\/index.php\\\/produkt\\\/v-battle-deck-blastoise-vs-venusaur\\\/#breadcrumb\",\"itemListElement\":[{\"@type\":\"ListItem\",\"position\":1,\"name\":\"Startseite\",\"item\":\"https:\\\/\\\/mypokestore.ch\\\/\"},{\"@type\":\"ListItem\",\"position\":2,\"name\":\"Privater Pok\u00e9mon Shop\",\"item\":\"https:\\\/\\\/mypokestore.ch\\\/\"},{\"@type\":\"ListItem\",\"position\":3,\"name\":\"V-Battle Deck Blastoise vs. Venusaur\"}]},{\"@type\":\"WebSite\",\"@id\":\"https:\\\/\\\/mypokestore.ch\\\/#website\",\"url\":\"https:\\\/\\\/mypokestore.ch\\\/\",\"name\":\"my Poke Store\",\"description\":\"Privater Pok\u00e9mon TCG Shop\",\"publisher\":{\"@id\":\"https:\\\/\\\/mypokestore.ch\\\/#organization\"},\"potentialAction\":[{\"@type\":\"SearchAction\",\"target\":{\"@type\":\"EntryPoint\",\"urlTemplate\":\"https:\\\/\\\/mypokestore.ch\\\/?s={search_term_string}\"},\"query-input\":{\"@type\":\"PropertyValueSpecification\",\"valueRequired\":true,\"valueName\":\"search_term_string\"}}],\"inLanguage\":\"de\"},{\"@type\":\"Organization\",\"@id\":\"https:\\\/\\\/mypokestore.ch\\\/#organization\",\"name\":\"My Poke Store\",\"url\":\"https:\\\/\\\/mypokestore.ch\\\/\",\"logo\":{\"@type\":\"ImageObject\",\"inLanguage\":\"de\",\"@id\":\"https:\\\/\\\/mypokestore.ch\\\/#\\\/schema\\\/logo\\\/image\\\/\",\"url\":\"https:\\\/\\\/i0.wp.com\\\/mypokestore.ch\\\/wp-content\\\/uploads\\\/2021\\\/03\\\/cropped-pika-e1615890979707-1.png?fit=512%2C512&ssl=1\",\"contentUrl\":\"https:\\\/\\\/i0.wp.com\\\/mypokestore.ch\\\/wp-content\\\/uploads\\\/2021\\\/03\\\/cropped-pika-e1615890979707-1.png?fit=512%2C512&ssl=1\",\"width\":512,\"height\":512,\"caption\":\"My Poke Store\"},\"image\":{\"@id\":\"https:\\\/\\\/mypokestore.ch\\\/#\\\/schema\\\/logo\\\/image\\\/\"}}]}<\/script>\n<!-- \/ Yoast SEO plugin. -->","yoast_head_json":{"title":"V-Battle Deck Blastoise vs. Venusaur - my Poke Store","robots":{"index":"index","follow":"follow","max-snippet":"max-snippet:-1","max-image-preview":"max-image-preview:large","max-video-preview":"max-video-preview:-1"},"canonical":"https:\/\/mypokestore.ch\/index.php\/produkt\/v-battle-deck-blastoise-vs-venusaur\/","og_locale":"de_DE","og_type":"article","og_title":"V-Battle Deck Blastoise vs. Venusaur - my Poke Store","og_description":"2 spielbereite V-Kampfdecks (mit jeweils 60 Karten) Jedes Deck enth\u00e4lt ein besonderes m\u00e4chtiges Pok\u00e9mon: Bisaflor-V oder Turtok-V 8 zus\u00e4tzliche Trainerkarten, inklusive 2 holografischer Karten 2 gro\u00dfe M\u00fcnzen 2 Deckboxen 2 Kurzanleitungen zur Anwendung passender Strategien 2 Spielunterlagen f\u00fcr jeweils 1 Spieler 6 Referenzkarten Schadensmarken 1 Anleitung zur Aufwertung deiner Decks 1 Code-Karte f\u00fcr das\u00a0Pok\u00e9mon-Sammelkartenspiel-Online","og_url":"https:\/\/mypokestore.ch\/index.php\/produkt\/v-battle-deck-blastoise-vs-venusaur\/","og_site_name":"my Poke Store","article_modified_time":"2022-10-27T19:08:05+00:00","og_image":[{"width":800,"height":800,"url":"https:\/\/i0.wp.com\/mypokestore.ch\/wp-content\/uploads\/2021\/03\/pokemon-vkampfdeck-bisaflor-vs-turtok.png?fit=800%2C800&ssl=1","type":"image\/png"}],"twitter_card":"summary_large_image","twitter_misc":{"Gesch\u00e4tzte Lesezeit":"1\u00a0Minute"},"schema":{"@context":"https:\/\/schema.org","@graph":[{"@type":"WebPage","@id":"https:\/\/mypokestore.ch\/index.php\/produkt\/v-battle-deck-blastoise-vs-venusaur\/","url":"https:\/\/mypokestore.ch\/index.php\/produkt\/v-battle-deck-blastoise-vs-venusaur\/","name":"V-Battle Deck Blastoise vs. Venusaur - my Poke Store","isPartOf":{"@id":"https:\/\/mypokestore.ch\/#website"},"primaryImageOfPage":{"@id":"https:\/\/mypokestore.ch\/index.php\/produkt\/v-battle-deck-blastoise-vs-venusaur\/#primaryimage"},"image":{"@id":"https:\/\/mypokestore.ch\/index.php\/produkt\/v-battle-deck-blastoise-vs-venusaur\/#primaryimage"},"thumbnailUrl":"https:\/\/i0.wp.com\/mypokestore.ch\/wp-content\/uploads\/2021\/03\/pokemon-vkampfdeck-bisaflor-vs-turtok.png?fit=800%2C800&ssl=1","datePublished":"2021-03-17T17:50:58+00:00","dateModified":"2022-10-27T19:08:05+00:00","breadcrumb":{"@id":"https:\/\/mypokestore.ch\/index.php\/produkt\/v-battle-deck-blastoise-vs-venusaur\/#breadcrumb"},"inLanguage":"de","potentialAction":[{"@type":"ReadAction","target":["https:\/\/mypokestore.ch\/index.php\/produkt\/v-battle-deck-blastoise-vs-venusaur\/"]}]},{"@type":"ImageObject","inLanguage":"de","@id":"https:\/\/mypokestore.ch\/index.php\/produkt\/v-battle-deck-blastoise-vs-venusaur\/#primaryimage","url":"https:\/\/i0.wp.com\/mypokestore.ch\/wp-content\/uploads\/2021\/03\/pokemon-vkampfdeck-bisaflor-vs-turtok.png?fit=800%2C800&ssl=1","contentUrl":"https:\/\/i0.wp.com\/mypokestore.ch\/wp-content\/uploads\/2021\/03\/pokemon-vkampfdeck-bisaflor-vs-turtok.png?fit=800%2C800&ssl=1","width":800,"height":800},{"@type":"BreadcrumbList","@id":"https:\/\/mypokestore.ch\/index.php\/produkt\/v-battle-deck-blastoise-vs-venusaur\/#breadcrumb","itemListElement":[{"@type":"ListItem","position":1,"name":"Startseite","item":"https:\/\/mypokestore.ch\/"},{"@type":"ListItem","position":2,"name":"Privater Pok\u00e9mon Shop","item":"https:\/\/mypokestore.ch\/"},{"@type":"ListItem","position":3,"name":"V-Battle Deck Blastoise vs. Venusaur"}]},{"@type":"WebSite","@id":"https:\/\/mypokestore.ch\/#website","url":"https:\/\/mypokestore.ch\/","name":"my Poke Store","description":"Privater Pok\u00e9mon TCG Shop","publisher":{"@id":"https:\/\/mypokestore.ch\/#organization"},"potentialAction":[{"@type":"SearchAction","target":{"@type":"EntryPoint","urlTemplate":"https:\/\/mypokestore.ch\/?s={search_term_string}"},"query-input":{"@type":"PropertyValueSpecification","valueRequired":true,"valueName":"search_term_string"}}],"inLanguage":"de"},{"@type":"Organization","@id":"https:\/\/mypokestore.ch\/#organization","name":"My Poke Store","url":"https:\/\/mypokestore.ch\/","logo":{"@type":"ImageObject","inLanguage":"de","@id":"https:\/\/mypokestore.ch\/#\/schema\/logo\/image\/","url":"https:\/\/i0.wp.com\/mypokestore.ch\/wp-content\/uploads\/2021\/03\/cropped-pika-e1615890979707-1.png?fit=512%2C512&ssl=1","contentUrl":"https:\/\/i0.wp.com\/mypokestore.ch\/wp-content\/uploads\/2021\/03\/cropped-pika-e1615890979707-1.png?fit=512%2C512&ssl=1","width":512,"height":512,"caption":"My Poke Store"},"image":{"@id":"https:\/\/mypokestore.ch\/#\/schema\/logo\/image\/"}}]}},"jetpack_sharing_enabled":true,"_links":{"self":[{"href":"https:\/\/mypokestore.ch\/index.php\/wp-json\/wp\/v2\/product\/183","targetHints":{"allow":["GET"]}}],"collection":[{"href":"https:\/\/mypokestore.ch\/index.php\/wp-json\/wp\/v2\/product"}],"about":[{"href":"https:\/\/mypokestore.ch\/index.php\/wp-json\/wp\/v2\/types\/product"}],"wp:featuredmedia":[{"embeddable":true,"href":"https:\/\/mypokestore.ch\/index.php\/wp-json\/wp\/v2\/media\/184"}],"wp:attachment":[{"href":"https:\/\/mypokestore.ch\/index.php\/wp-json\/wp\/v2\/media?parent=183"}],"wp:term":[{"taxonomy":"product_brand","embeddable":true,"href":"https:\/\/mypokestore.ch\/index.php\/wp-json\/wp\/v2\/product_brand?post=183"},{"taxonomy":"product_cat","embeddable":true,"href":"https:\/\/mypokestore.ch\/index.php\/wp-json\/wp\/v2\/product_cat?post=183"},{"taxonomy":"product_tag","embeddable":true,"href":"https:\/\/mypokestore.ch\/index.php\/wp-json\/wp\/v2\/product_tag?post=183"}],"curies":[{"name":"wp","href":"https:\/\/api.w.org\/{rel}","templated":true}]}}