{"id":163,"date":"2021-03-17T17:26:06","date_gmt":"2021-03-17T17:26:06","guid":{"rendered":"https:\/\/mypokestore.ch\/?post_type=product&#038;p=163"},"modified":"2022-06-27T13:04:54","modified_gmt":"2022-06-27T13:04:54","slug":"themendeck-glurak-farbenschock-schwert-schild","status":"publish","type":"product","link":"https:\/\/mypokestore.ch\/index.php\/produkt\/themendeck-glurak-farbenschock-schwert-schild\/","title":{"rendered":"Themendeck Glurak Farbenschock Schwert &#038; Schild"},"content":{"rendered":"<ul>\n<li>60 Pok\u00e9mon Karten Deck<\/li>\n<li>1 Promo Glurak<\/li>\n<li>2 Spieler Spielmatte und Regelbuch<\/li>\n<li>1 Code Karte f\u00fcr Pok\u00e9mon Online<\/li>\n<li>1 Deck Box<\/li>\n<li>Damage Counter<\/li>\n<\/ul>\n","protected":false},"excerpt":{"rendered":"<p>60 Pok\u00e9mon Karten Deck 1 Promo Glurak 2 Spieler Spielmatte und Regelbuch 1 Code Karte f\u00fcr Pok\u00e9mon Online 1 Deck Box Damage Counter<\/p>\n","protected":false},"featured_media":164,"template":"","meta":{"pgc_sgb_lightbox_settings":""},"product_brand":[],"product_cat":[28],"product_tag":[30],"class_list":{"0":"post-163","1":"product","2":"type-product","3":"status-publish","4":"has-post-thumbnail","6":"product_cat-decks","7":"product_tag-pokemon","9":"first","10":"outofstock","11":"shipping-taxable","12":"purchasable","13":"product-type-simple"},"yoast_head":"<!-- This site is optimized with the Yoast SEO plugin v27.6 - https:\/\/yoast.com\/product\/yoast-seo-wordpress\/ -->\n<title>Themendeck Glurak Farbenschock Schwert &amp; Schild - my Poke Store<\/title>\n<meta name=\"robots\" content=\"index, follow, max-snippet:-1, max-image-preview:large, max-video-preview:-1\" \/>\n<link rel=\"canonical\" href=\"https:\/\/mypokestore.ch\/index.php\/produkt\/themendeck-glurak-farbenschock-schwert-schild\/\" \/>\n<meta property=\"og:locale\" content=\"de_DE\" \/>\n<meta property=\"og:type\" content=\"article\" \/>\n<meta property=\"og:title\" content=\"Themendeck Glurak Farbenschock Schwert &amp; Schild - my Poke Store\" \/>\n<meta property=\"og:description\" content=\"60 Pok\u00e9mon Karten Deck 1 Promo Glurak 2 Spieler Spielmatte und Regelbuch 1 Code Karte f\u00fcr Pok\u00e9mon Online 1 Deck Box Damage Counter\" \/>\n<meta property=\"og:url\" content=\"https:\/\/mypokestore.ch\/index.php\/produkt\/themendeck-glurak-farbenschock-schwert-schild\/\" \/>\n<meta property=\"og:site_name\" content=\"my Poke Store\" \/>\n<meta property=\"article:modified_time\" content=\"2022-06-27T13:04:54+00:00\" \/>\n<meta property=\"og:image\" content=\"https:\/\/i2.wp.com\/mypokestore.ch\/wp-content\/uploads\/2021\/03\/SWSH04_Themendeck_Glurak.png?fit=500%2C500&ssl=1\" \/>\n\t<meta property=\"og:image:width\" content=\"500\" \/>\n\t<meta property=\"og:image:height\" content=\"500\" \/>\n\t<meta property=\"og:image:type\" content=\"image\/png\" \/>\n<meta name=\"twitter:card\" content=\"summary_large_image\" \/>\n<meta name=\"twitter:label1\" content=\"Gesch\u00e4tzte Lesezeit\" \/>\n\t<meta name=\"twitter:data1\" content=\"1\u00a0Minute\" \/>\n<script type=\"application\/ld+json\" class=\"yoast-schema-graph\">{\"@context\":\"https:\\\/\\\/schema.org\",\"@graph\":[{\"@type\":\"WebPage\",\"@id\":\"https:\\\/\\\/mypokestore.ch\\\/index.php\\\/produkt\\\/themendeck-glurak-farbenschock-schwert-schild\\\/\",\"url\":\"https:\\\/\\\/mypokestore.ch\\\/index.php\\\/produkt\\\/themendeck-glurak-farbenschock-schwert-schild\\\/\",\"name\":\"Themendeck Glurak Farbenschock Schwert & Schild - my Poke Store\",\"isPartOf\":{\"@id\":\"https:\\\/\\\/mypokestore.ch\\\/#website\"},\"primaryImageOfPage\":{\"@id\":\"https:\\\/\\\/mypokestore.ch\\\/index.php\\\/produkt\\\/themendeck-glurak-farbenschock-schwert-schild\\\/#primaryimage\"},\"image\":{\"@id\":\"https:\\\/\\\/mypokestore.ch\\\/index.php\\\/produkt\\\/themendeck-glurak-farbenschock-schwert-schild\\\/#primaryimage\"},\"thumbnailUrl\":\"https:\\\/\\\/i0.wp.com\\\/mypokestore.ch\\\/wp-content\\\/uploads\\\/2021\\\/03\\\/SWSH04_Themendeck_Glurak.png?fit=500%2C500&ssl=1\",\"datePublished\":\"2021-03-17T17:26:06+00:00\",\"dateModified\":\"2022-06-27T13:04:54+00:00\",\"breadcrumb\":{\"@id\":\"https:\\\/\\\/mypokestore.ch\\\/index.php\\\/produkt\\\/themendeck-glurak-farbenschock-schwert-schild\\\/#breadcrumb\"},\"inLanguage\":\"de\",\"potentialAction\":[{\"@type\":\"ReadAction\",\"target\":[\"https:\\\/\\\/mypokestore.ch\\\/index.php\\\/produkt\\\/themendeck-glurak-farbenschock-schwert-schild\\\/\"]}]},{\"@type\":\"ImageObject\",\"inLanguage\":\"de\",\"@id\":\"https:\\\/\\\/mypokestore.ch\\\/index.php\\\/produkt\\\/themendeck-glurak-farbenschock-schwert-schild\\\/#primaryimage\",\"url\":\"https:\\\/\\\/i0.wp.com\\\/mypokestore.ch\\\/wp-content\\\/uploads\\\/2021\\\/03\\\/SWSH04_Themendeck_Glurak.png?fit=500%2C500&ssl=1\",\"contentUrl\":\"https:\\\/\\\/i0.wp.com\\\/mypokestore.ch\\\/wp-content\\\/uploads\\\/2021\\\/03\\\/SWSH04_Themendeck_Glurak.png?fit=500%2C500&ssl=1\",\"width\":500,\"height\":500},{\"@type\":\"BreadcrumbList\",\"@id\":\"https:\\\/\\\/mypokestore.ch\\\/index.php\\\/produkt\\\/themendeck-glurak-farbenschock-schwert-schild\\\/#breadcrumb\",\"itemListElement\":[{\"@type\":\"ListItem\",\"position\":1,\"name\":\"Startseite\",\"item\":\"https:\\\/\\\/mypokestore.ch\\\/\"},{\"@type\":\"ListItem\",\"position\":2,\"name\":\"Privater Pok\u00e9mon Shop\",\"item\":\"https:\\\/\\\/mypokestore.ch\\\/\"},{\"@type\":\"ListItem\",\"position\":3,\"name\":\"Themendeck Glurak Farbenschock Schwert &#038; Schild\"}]},{\"@type\":\"WebSite\",\"@id\":\"https:\\\/\\\/mypokestore.ch\\\/#website\",\"url\":\"https:\\\/\\\/mypokestore.ch\\\/\",\"name\":\"my Poke Store\",\"description\":\"Privater Pok\u00e9mon TCG Shop\",\"publisher\":{\"@id\":\"https:\\\/\\\/mypokestore.ch\\\/#organization\"},\"potentialAction\":[{\"@type\":\"SearchAction\",\"target\":{\"@type\":\"EntryPoint\",\"urlTemplate\":\"https:\\\/\\\/mypokestore.ch\\\/?s={search_term_string}\"},\"query-input\":{\"@type\":\"PropertyValueSpecification\",\"valueRequired\":true,\"valueName\":\"search_term_string\"}}],\"inLanguage\":\"de\"},{\"@type\":\"Organization\",\"@id\":\"https:\\\/\\\/mypokestore.ch\\\/#organization\",\"name\":\"My Poke Store\",\"url\":\"https:\\\/\\\/mypokestore.ch\\\/\",\"logo\":{\"@type\":\"ImageObject\",\"inLanguage\":\"de\",\"@id\":\"https:\\\/\\\/mypokestore.ch\\\/#\\\/schema\\\/logo\\\/image\\\/\",\"url\":\"https:\\\/\\\/i0.wp.com\\\/mypokestore.ch\\\/wp-content\\\/uploads\\\/2021\\\/03\\\/cropped-pika-e1615890979707-1.png?fit=512%2C512&ssl=1\",\"contentUrl\":\"https:\\\/\\\/i0.wp.com\\\/mypokestore.ch\\\/wp-content\\\/uploads\\\/2021\\\/03\\\/cropped-pika-e1615890979707-1.png?fit=512%2C512&ssl=1\",\"width\":512,\"height\":512,\"caption\":\"My Poke Store\"},\"image\":{\"@id\":\"https:\\\/\\\/mypokestore.ch\\\/#\\\/schema\\\/logo\\\/image\\\/\"}}]}<\/script>\n<!-- \/ Yoast SEO plugin. -->","yoast_head_json":{"title":"Themendeck Glurak Farbenschock Schwert & Schild - my Poke Store","robots":{"index":"index","follow":"follow","max-snippet":"max-snippet:-1","max-image-preview":"max-image-preview:large","max-video-preview":"max-video-preview:-1"},"canonical":"https:\/\/mypokestore.ch\/index.php\/produkt\/themendeck-glurak-farbenschock-schwert-schild\/","og_locale":"de_DE","og_type":"article","og_title":"Themendeck Glurak Farbenschock Schwert & Schild - my Poke Store","og_description":"60 Pok\u00e9mon Karten Deck 1 Promo Glurak 2 Spieler Spielmatte und Regelbuch 1 Code Karte f\u00fcr Pok\u00e9mon Online 1 Deck Box Damage Counter","og_url":"https:\/\/mypokestore.ch\/index.php\/produkt\/themendeck-glurak-farbenschock-schwert-schild\/","og_site_name":"my Poke Store","article_modified_time":"2022-06-27T13:04:54+00:00","og_image":[{"width":500,"height":500,"url":"https:\/\/i2.wp.com\/mypokestore.ch\/wp-content\/uploads\/2021\/03\/SWSH04_Themendeck_Glurak.png?fit=500%2C500&ssl=1","type":"image\/png"}],"twitter_card":"summary_large_image","twitter_misc":{"Gesch\u00e4tzte Lesezeit":"1\u00a0Minute"},"schema":{"@context":"https:\/\/schema.org","@graph":[{"@type":"WebPage","@id":"https:\/\/mypokestore.ch\/index.php\/produkt\/themendeck-glurak-farbenschock-schwert-schild\/","url":"https:\/\/mypokestore.ch\/index.php\/produkt\/themendeck-glurak-farbenschock-schwert-schild\/","name":"Themendeck Glurak Farbenschock Schwert & Schild - my Poke Store","isPartOf":{"@id":"https:\/\/mypokestore.ch\/#website"},"primaryImageOfPage":{"@id":"https:\/\/mypokestore.ch\/index.php\/produkt\/themendeck-glurak-farbenschock-schwert-schild\/#primaryimage"},"image":{"@id":"https:\/\/mypokestore.ch\/index.php\/produkt\/themendeck-glurak-farbenschock-schwert-schild\/#primaryimage"},"thumbnailUrl":"https:\/\/i0.wp.com\/mypokestore.ch\/wp-content\/uploads\/2021\/03\/SWSH04_Themendeck_Glurak.png?fit=500%2C500&ssl=1","datePublished":"2021-03-17T17:26:06+00:00","dateModified":"2022-06-27T13:04:54+00:00","breadcrumb":{"@id":"https:\/\/mypokestore.ch\/index.php\/produkt\/themendeck-glurak-farbenschock-schwert-schild\/#breadcrumb"},"inLanguage":"de","potentialAction":[{"@type":"ReadAction","target":["https:\/\/mypokestore.ch\/index.php\/produkt\/themendeck-glurak-farbenschock-schwert-schild\/"]}]},{"@type":"ImageObject","inLanguage":"de","@id":"https:\/\/mypokestore.ch\/index.php\/produkt\/themendeck-glurak-farbenschock-schwert-schild\/#primaryimage","url":"https:\/\/i0.wp.com\/mypokestore.ch\/wp-content\/uploads\/2021\/03\/SWSH04_Themendeck_Glurak.png?fit=500%2C500&ssl=1","contentUrl":"https:\/\/i0.wp.com\/mypokestore.ch\/wp-content\/uploads\/2021\/03\/SWSH04_Themendeck_Glurak.png?fit=500%2C500&ssl=1","width":500,"height":500},{"@type":"BreadcrumbList","@id":"https:\/\/mypokestore.ch\/index.php\/produkt\/themendeck-glurak-farbenschock-schwert-schild\/#breadcrumb","itemListElement":[{"@type":"ListItem","position":1,"name":"Startseite","item":"https:\/\/mypokestore.ch\/"},{"@type":"ListItem","position":2,"name":"Privater Pok\u00e9mon Shop","item":"https:\/\/mypokestore.ch\/"},{"@type":"ListItem","position":3,"name":"Themendeck Glurak Farbenschock Schwert &#038; Schild"}]},{"@type":"WebSite","@id":"https:\/\/mypokestore.ch\/#website","url":"https:\/\/mypokestore.ch\/","name":"my Poke Store","description":"Privater Pok\u00e9mon TCG Shop","publisher":{"@id":"https:\/\/mypokestore.ch\/#organization"},"potentialAction":[{"@type":"SearchAction","target":{"@type":"EntryPoint","urlTemplate":"https:\/\/mypokestore.ch\/?s={search_term_string}"},"query-input":{"@type":"PropertyValueSpecification","valueRequired":true,"valueName":"search_term_string"}}],"inLanguage":"de"},{"@type":"Organization","@id":"https:\/\/mypokestore.ch\/#organization","name":"My Poke Store","url":"https:\/\/mypokestore.ch\/","logo":{"@type":"ImageObject","inLanguage":"de","@id":"https:\/\/mypokestore.ch\/#\/schema\/logo\/image\/","url":"https:\/\/i0.wp.com\/mypokestore.ch\/wp-content\/uploads\/2021\/03\/cropped-pika-e1615890979707-1.png?fit=512%2C512&ssl=1","contentUrl":"https:\/\/i0.wp.com\/mypokestore.ch\/wp-content\/uploads\/2021\/03\/cropped-pika-e1615890979707-1.png?fit=512%2C512&ssl=1","width":512,"height":512,"caption":"My Poke Store"},"image":{"@id":"https:\/\/mypokestore.ch\/#\/schema\/logo\/image\/"}}]}},"jetpack_sharing_enabled":true,"_links":{"self":[{"href":"https:\/\/mypokestore.ch\/index.php\/wp-json\/wp\/v2\/product\/163","targetHints":{"allow":["GET"]}}],"collection":[{"href":"https:\/\/mypokestore.ch\/index.php\/wp-json\/wp\/v2\/product"}],"about":[{"href":"https:\/\/mypokestore.ch\/index.php\/wp-json\/wp\/v2\/types\/product"}],"wp:featuredmedia":[{"embeddable":true,"href":"https:\/\/mypokestore.ch\/index.php\/wp-json\/wp\/v2\/media\/164"}],"wp:attachment":[{"href":"https:\/\/mypokestore.ch\/index.php\/wp-json\/wp\/v2\/media?parent=163"}],"wp:term":[{"taxonomy":"product_brand","embeddable":true,"href":"https:\/\/mypokestore.ch\/index.php\/wp-json\/wp\/v2\/product_brand?post=163"},{"taxonomy":"product_cat","embeddable":true,"href":"https:\/\/mypokestore.ch\/index.php\/wp-json\/wp\/v2\/product_cat?post=163"},{"taxonomy":"product_tag","embeddable":true,"href":"https:\/\/mypokestore.ch\/index.php\/wp-json\/wp\/v2\/product_tag?post=163"}],"curies":[{"name":"wp","href":"https:\/\/api.w.org\/{rel}","templated":true}]}}