{"id":90,"date":"2021-03-16T15:10:21","date_gmt":"2021-03-16T15:10:21","guid":{"rendered":"https:\/\/mypokestore.ch\/?page_id=90"},"modified":"2021-03-16T15:10:23","modified_gmt":"2021-03-16T15:10:23","slug":"allgemeine-geschaeftsbedingungen-agb","status":"publish","type":"page","link":"https:\/\/mypokestore.ch\/index.php\/allgemeine-geschaeftsbedingungen-agb\/","title":{"rendered":"Allgemeine Gesch\u00e4ftsbedingungen (AGB)"},"content":{"rendered":"\n<p>1. Geltung der Bedingungen<\/p>\n\n\n\n<p>Durch das Abschicken einer Bestellung oder durch das Ausf\u00fchren eines Downloads erkl\u00e4rt sich der Besteller\/die Bestellerin mit diesen AGB einverstanden.&nbsp;<\/p>\n\n\n\n<p>2. Preise&nbsp;<\/p>\n\n\n\n<p>F\u00fcr Bestellungen gelten die im Angebot aufgef\u00fchrten Preise in Schweizer Franken (CHF).&nbsp;<\/p>\n\n\n\n<p>3. Lieferung\u00a0\/ Versand \/ Abholung<br>Der Versand innerhalb der Schweiz ist gratis, unabh\u00e4ngig von der Art und Menge der bestellten Produkte. Verschickt wird mit der Schweizer Post, bei h\u00f6herem Wert immer eingeschrieben und mit Tracking.<\/p>\n\n\n\n<p>Abholung ist grunds\u00e4tzlich m\u00f6glich, allerdings nur gegen Vorauszahlung und vorherigen Absprache.<\/p>\n\n\n\n<p>4. Zahlungsbedingungen\u00a0<br>Bezahlt werden kann mit Kreditkarte oder Vorauszahlung (\u00dcberweisung, TWING, Paypal Freunde).<\/p>\n\n\n\n<p>5. R\u00fccknahme\/Umtausch\u00a0<br>Da jedes Produkt bei grunds\u00e4tzlich ein klar definiertes Einzelst\u00fcck ist, werden Waren nur bei berechtigter Reklamation zur\u00fcck genommen, dies muss innerhalb von 14 Tagen nach Warenerhalt erfolgen. R\u00fccksendungen wegen Nichtgefallens sind ausgeschlossen.\u00a0<\/p>\n\n\n\n<p>6. Datenschutz\u00a0<br>My Poke Store nimmt nur die zwingend notwendigen Daten auf und benutzt diese im Rahmen der Abwicklung der Bestellung sowie mit dem Zweck, dem wiederkehrenden Kunden das Einkaufen so einfach wie m\u00f6glich zu gestalten. Die pers\u00f6nlichen Daten werden vertraulich behandelt, es erfolgt keine Weitergabe an Dritte zu Werbezwecken.<\/p>\n\n\n\n<p>7. Haftungsbeschr\u00e4nkung\u00a0<br>My Poke Store schliesst im Rahmen des gesetzlich Zul\u00e4ssigen jede Haftung f\u00fcr die gelieferten und verkauften Produkte aus.\u00a0<\/p>\n\n\n\n<p>8. Gerichtsstand\u00a0<br>Die Rechtsverh\u00e4ltnisse unterstehen schweizerischem Recht. Ausschliesslicher Gerichtsstand f\u00fcr s\u00e4mtliche Streitigkeiten ist Aarau.<\/p>\n","protected":false},"excerpt":{"rendered":"<p>1. Geltung der Bedingungen Durch das Abschicken einer Bestellung oder durch das Ausf\u00fchren eines Downloads erkl\u00e4rt sich der Besteller\/die Bestellerin mit diesen AGB einverstanden.&nbsp; 2. Preise&nbsp; F\u00fcr Bestellungen gelten die im Angebot aufgef\u00fchrten Preise in Schweizer Franken (CHF).&nbsp; 3. Lieferung\u00a0\/ Versand \/ AbholungDer Versand innerhalb der Schweiz ist gratis, unabh\u00e4ngig von der Art und Menge [&hellip;]<\/p>\n","protected":false},"author":1,"featured_media":0,"parent":0,"menu_order":0,"comment_status":"closed","ping_status":"closed","template":"","meta":{"pgc_sgb_lightbox_settings":"","footnotes":""},"class_list":["post-90","page","type-page","status-publish","hentry"],"yoast_head":"<!-- This site is optimized with the Yoast SEO plugin v27.6 - https:\/\/yoast.com\/product\/yoast-seo-wordpress\/ -->\n<title>Allgemeine Gesch\u00e4ftsbedingungen (AGB) - my Poke Store<\/title>\n<meta name=\"robots\" content=\"index, follow, max-snippet:-1, max-image-preview:large, max-video-preview:-1\" \/>\n<link rel=\"canonical\" href=\"https:\/\/mypokestore.ch\/index.php\/allgemeine-geschaeftsbedingungen-agb\/\" \/>\n<meta property=\"og:locale\" content=\"de_DE\" \/>\n<meta property=\"og:type\" content=\"article\" \/>\n<meta property=\"og:title\" content=\"Allgemeine Gesch\u00e4ftsbedingungen (AGB) - my Poke Store\" \/>\n<meta property=\"og:description\" content=\"1. Geltung der Bedingungen Durch das Abschicken einer Bestellung oder durch das Ausf\u00fchren eines Downloads erkl\u00e4rt sich der Besteller\/die Bestellerin mit diesen AGB einverstanden.&nbsp; 2. Preise&nbsp; F\u00fcr Bestellungen gelten die im Angebot aufgef\u00fchrten Preise in Schweizer Franken (CHF).&nbsp; 3. Lieferung\u00a0\/ Versand \/ AbholungDer Versand innerhalb der Schweiz ist gratis, unabh\u00e4ngig von der Art und Menge [&hellip;]\" \/>\n<meta property=\"og:url\" content=\"https:\/\/mypokestore.ch\/index.php\/allgemeine-geschaeftsbedingungen-agb\/\" \/>\n<meta property=\"og:site_name\" content=\"my Poke Store\" \/>\n<meta property=\"article:modified_time\" content=\"2021-03-16T15:10:23+00:00\" \/>\n<meta name=\"twitter:card\" content=\"summary_large_image\" \/>\n<meta name=\"twitter:label1\" content=\"Gesch\u00e4tzte Lesezeit\" \/>\n\t<meta name=\"twitter:data1\" content=\"1\u00a0Minute\" \/>\n<script type=\"application\/ld+json\" class=\"yoast-schema-graph\">{\"@context\":\"https:\\\/\\\/schema.org\",\"@graph\":[{\"@type\":\"WebPage\",\"@id\":\"https:\\\/\\\/mypokestore.ch\\\/index.php\\\/allgemeine-geschaeftsbedingungen-agb\\\/\",\"url\":\"https:\\\/\\\/mypokestore.ch\\\/index.php\\\/allgemeine-geschaeftsbedingungen-agb\\\/\",\"name\":\"Allgemeine Gesch\u00e4ftsbedingungen (AGB) - my Poke Store\",\"isPartOf\":{\"@id\":\"https:\\\/\\\/mypokestore.ch\\\/#website\"},\"datePublished\":\"2021-03-16T15:10:21+00:00\",\"dateModified\":\"2021-03-16T15:10:23+00:00\",\"breadcrumb\":{\"@id\":\"https:\\\/\\\/mypokestore.ch\\\/index.php\\\/allgemeine-geschaeftsbedingungen-agb\\\/#breadcrumb\"},\"inLanguage\":\"de\",\"potentialAction\":[{\"@type\":\"ReadAction\",\"target\":[\"https:\\\/\\\/mypokestore.ch\\\/index.php\\\/allgemeine-geschaeftsbedingungen-agb\\\/\"]}]},{\"@type\":\"BreadcrumbList\",\"@id\":\"https:\\\/\\\/mypokestore.ch\\\/index.php\\\/allgemeine-geschaeftsbedingungen-agb\\\/#breadcrumb\",\"itemListElement\":[{\"@type\":\"ListItem\",\"position\":1,\"name\":\"Startseite\",\"item\":\"https:\\\/\\\/mypokestore.ch\\\/\"},{\"@type\":\"ListItem\",\"position\":2,\"name\":\"Allgemeine Gesch\u00e4ftsbedingungen (AGB)\"}]},{\"@type\":\"WebSite\",\"@id\":\"https:\\\/\\\/mypokestore.ch\\\/#website\",\"url\":\"https:\\\/\\\/mypokestore.ch\\\/\",\"name\":\"my Poke Store\",\"description\":\"Privater Pok\u00e9mon TCG Shop\",\"publisher\":{\"@id\":\"https:\\\/\\\/mypokestore.ch\\\/#organization\"},\"potentialAction\":[{\"@type\":\"SearchAction\",\"target\":{\"@type\":\"EntryPoint\",\"urlTemplate\":\"https:\\\/\\\/mypokestore.ch\\\/?s={search_term_string}\"},\"query-input\":{\"@type\":\"PropertyValueSpecification\",\"valueRequired\":true,\"valueName\":\"search_term_string\"}}],\"inLanguage\":\"de\"},{\"@type\":\"Organization\",\"@id\":\"https:\\\/\\\/mypokestore.ch\\\/#organization\",\"name\":\"My Poke Store\",\"url\":\"https:\\\/\\\/mypokestore.ch\\\/\",\"logo\":{\"@type\":\"ImageObject\",\"inLanguage\":\"de\",\"@id\":\"https:\\\/\\\/mypokestore.ch\\\/#\\\/schema\\\/logo\\\/image\\\/\",\"url\":\"https:\\\/\\\/i0.wp.com\\\/mypokestore.ch\\\/wp-content\\\/uploads\\\/2021\\\/03\\\/cropped-pika-e1615890979707-1.png?fit=512%2C512&ssl=1\",\"contentUrl\":\"https:\\\/\\\/i0.wp.com\\\/mypokestore.ch\\\/wp-content\\\/uploads\\\/2021\\\/03\\\/cropped-pika-e1615890979707-1.png?fit=512%2C512&ssl=1\",\"width\":512,\"height\":512,\"caption\":\"My Poke Store\"},\"image\":{\"@id\":\"https:\\\/\\\/mypokestore.ch\\\/#\\\/schema\\\/logo\\\/image\\\/\"}}]}<\/script>\n<!-- \/ Yoast SEO plugin. -->","yoast_head_json":{"title":"Allgemeine Gesch\u00e4ftsbedingungen (AGB) - my Poke Store","robots":{"index":"index","follow":"follow","max-snippet":"max-snippet:-1","max-image-preview":"max-image-preview:large","max-video-preview":"max-video-preview:-1"},"canonical":"https:\/\/mypokestore.ch\/index.php\/allgemeine-geschaeftsbedingungen-agb\/","og_locale":"de_DE","og_type":"article","og_title":"Allgemeine Gesch\u00e4ftsbedingungen (AGB) - my Poke Store","og_description":"1. Geltung der Bedingungen Durch das Abschicken einer Bestellung oder durch das Ausf\u00fchren eines Downloads erkl\u00e4rt sich der Besteller\/die Bestellerin mit diesen AGB einverstanden.&nbsp; 2. Preise&nbsp; F\u00fcr Bestellungen gelten die im Angebot aufgef\u00fchrten Preise in Schweizer Franken (CHF).&nbsp; 3. Lieferung\u00a0\/ Versand \/ AbholungDer Versand innerhalb der Schweiz ist gratis, unabh\u00e4ngig von der Art und Menge [&hellip;]","og_url":"https:\/\/mypokestore.ch\/index.php\/allgemeine-geschaeftsbedingungen-agb\/","og_site_name":"my Poke Store","article_modified_time":"2021-03-16T15:10:23+00:00","twitter_card":"summary_large_image","twitter_misc":{"Gesch\u00e4tzte Lesezeit":"1\u00a0Minute"},"schema":{"@context":"https:\/\/schema.org","@graph":[{"@type":"WebPage","@id":"https:\/\/mypokestore.ch\/index.php\/allgemeine-geschaeftsbedingungen-agb\/","url":"https:\/\/mypokestore.ch\/index.php\/allgemeine-geschaeftsbedingungen-agb\/","name":"Allgemeine Gesch\u00e4ftsbedingungen (AGB) - my Poke Store","isPartOf":{"@id":"https:\/\/mypokestore.ch\/#website"},"datePublished":"2021-03-16T15:10:21+00:00","dateModified":"2021-03-16T15:10:23+00:00","breadcrumb":{"@id":"https:\/\/mypokestore.ch\/index.php\/allgemeine-geschaeftsbedingungen-agb\/#breadcrumb"},"inLanguage":"de","potentialAction":[{"@type":"ReadAction","target":["https:\/\/mypokestore.ch\/index.php\/allgemeine-geschaeftsbedingungen-agb\/"]}]},{"@type":"BreadcrumbList","@id":"https:\/\/mypokestore.ch\/index.php\/allgemeine-geschaeftsbedingungen-agb\/#breadcrumb","itemListElement":[{"@type":"ListItem","position":1,"name":"Startseite","item":"https:\/\/mypokestore.ch\/"},{"@type":"ListItem","position":2,"name":"Allgemeine Gesch\u00e4ftsbedingungen (AGB)"}]},{"@type":"WebSite","@id":"https:\/\/mypokestore.ch\/#website","url":"https:\/\/mypokestore.ch\/","name":"my Poke Store","description":"Privater Pok\u00e9mon TCG Shop","publisher":{"@id":"https:\/\/mypokestore.ch\/#organization"},"potentialAction":[{"@type":"SearchAction","target":{"@type":"EntryPoint","urlTemplate":"https:\/\/mypokestore.ch\/?s={search_term_string}"},"query-input":{"@type":"PropertyValueSpecification","valueRequired":true,"valueName":"search_term_string"}}],"inLanguage":"de"},{"@type":"Organization","@id":"https:\/\/mypokestore.ch\/#organization","name":"My Poke Store","url":"https:\/\/mypokestore.ch\/","logo":{"@type":"ImageObject","inLanguage":"de","@id":"https:\/\/mypokestore.ch\/#\/schema\/logo\/image\/","url":"https:\/\/i0.wp.com\/mypokestore.ch\/wp-content\/uploads\/2021\/03\/cropped-pika-e1615890979707-1.png?fit=512%2C512&ssl=1","contentUrl":"https:\/\/i0.wp.com\/mypokestore.ch\/wp-content\/uploads\/2021\/03\/cropped-pika-e1615890979707-1.png?fit=512%2C512&ssl=1","width":512,"height":512,"caption":"My Poke Store"},"image":{"@id":"https:\/\/mypokestore.ch\/#\/schema\/logo\/image\/"}}]}},"jetpack_sharing_enabled":true,"_links":{"self":[{"href":"https:\/\/mypokestore.ch\/index.php\/wp-json\/wp\/v2\/pages\/90","targetHints":{"allow":["GET"]}}],"collection":[{"href":"https:\/\/mypokestore.ch\/index.php\/wp-json\/wp\/v2\/pages"}],"about":[{"href":"https:\/\/mypokestore.ch\/index.php\/wp-json\/wp\/v2\/types\/page"}],"author":[{"embeddable":true,"href":"https:\/\/mypokestore.ch\/index.php\/wp-json\/wp\/v2\/users\/1"}],"replies":[{"embeddable":true,"href":"https:\/\/mypokestore.ch\/index.php\/wp-json\/wp\/v2\/comments?post=90"}],"version-history":[{"count":1,"href":"https:\/\/mypokestore.ch\/index.php\/wp-json\/wp\/v2\/pages\/90\/revisions"}],"predecessor-version":[{"id":91,"href":"https:\/\/mypokestore.ch\/index.php\/wp-json\/wp\/v2\/pages\/90\/revisions\/91"}],"wp:attachment":[{"href":"https:\/\/mypokestore.ch\/index.php\/wp-json\/wp\/v2\/media?parent=90"}],"curies":[{"name":"wp","href":"https:\/\/api.w.org\/{rel}","templated":true}]}}